{"id":12138,"date":"2023-01-19T14:53:17","date_gmt":"2023-01-19T14:53:17","guid":{"rendered":"https:\/\/gokayyilmaz.com\/kutular\/"},"modified":"2023-03-03T07:55:52","modified_gmt":"2023-03-03T07:55:52","slug":"kutular","status":"publish","type":"page","link":"https:\/\/uralmaksan.com\/tr\/kutular\/","title":{"rendered":"Kutular"},"content":{"rendered":"\t\t<div data-elementor-type=\"wp-page\" data-elementor-id=\"12138\" class=\"elementor elementor-12138 elementor-11406\">\n\t\t\t\t\t\t\t\t\t<section class=\"wd-negative-gap elementor-section elementor-top-section elementor-element elementor-element-17a91bf3 elementor-section-boxed elementor-section-height-default elementor-section-height-default wd-section-disabled\" data-id=\"17a91bf3\" data-element_type=\"section\">\n\t\t\t\t\t\t<div class=\"elementor-container elementor-column-gap-default\">\n\t\t\t\t\t<div class=\"elementor-column elementor-col-33 elementor-top-column elementor-element elementor-element-1ce33292\" data-id=\"1ce33292\" data-element_type=\"column\">\n\t\t\t<div class=\"elementor-widget-wrap elementor-element-populated\">\n\t\t\t\t\t\t\t\t<div class=\"elementor-element elementor-element-6bd867b8 elementor-widget elementor-widget-image\" data-id=\"6bd867b8\" data-element_type=\"widget\" data-widget_type=\"image.default\">\n\t\t\t\t<div class=\"elementor-widget-container\">\n\t\t\t<style>\/*! elementor - v3.18.0 - 20-12-2023 *\/\n.elementor-widget-image{text-align:center}.elementor-widget-image a{display:inline-block}.elementor-widget-image a img[src$=\".svg\"]{width:48px}.elementor-widget-image img{vertical-align:middle;display:inline-block}<\/style>\t\t\t\t\t\t\t\t\t\t\t\t\t<a href=\"https:\/\/uralmaksan.com\/wp-content\/uploads\/2023\/01\/139.webp\" data-elementor-open-lightbox=\"yes\" data-elementor-lightbox-title=\"139.webp\" data-e-action-hash=\"#elementor-action%3Aaction%3Dlightbox%26settings%3DeyJpZCI6MTEzMzUsInVybCI6Imh0dHBzOlwvXC91cmFsbWFrc2FuLmNvbVwvd3AtY29udGVudFwvdXBsb2Fkc1wvMjAyM1wvMDFcLzEzOS53ZWJwIn0%3D\">\n\t\t\t\t\t\t\t<img fetchpriority=\"high\" decoding=\"async\" width=\"700\" height=\"700\" src=\"https:\/\/uralmaksan.com\/wp-content\/uploads\/2023\/01\/139.webp\" class=\"attachment-full size-full wp-image-11335\" alt=\"\" srcset=\"https:\/\/uralmaksan.com\/wp-content\/uploads\/2023\/01\/139.webp 700w, https:\/\/uralmaksan.com\/wp-content\/uploads\/2023\/01\/139-430x430.webp 430w, https:\/\/uralmaksan.com\/wp-content\/uploads\/2023\/01\/139-300x300.webp 300w, https:\/\/uralmaksan.com\/wp-content\/uploads\/2023\/01\/139-150x150.webp 150w\" sizes=\"(max-width: 700px) 100vw, 700px\" \/>\t\t\t\t\t\t\t\t<\/a>\n\t\t\t\t\t\t\t\t\t\t\t\t\t\t\t<\/div>\n\t\t\t\t<\/div>\n\t\t\t\t\t<\/div>\n\t\t<\/div>\n\t\t\t\t<div class=\"elementor-column elementor-col-33 elementor-top-column elementor-element elementor-element-3958790e\" data-id=\"3958790e\" data-element_type=\"column\">\n\t\t\t<div class=\"elementor-widget-wrap elementor-element-populated\">\n\t\t\t\t\t\t\t\t<div class=\"elementor-element elementor-element-1e497bf3 elementor-widget elementor-widget-image\" data-id=\"1e497bf3\" data-element_type=\"widget\" data-widget_type=\"image.default\">\n\t\t\t\t<div class=\"elementor-widget-container\">\n\t\t\t\t\t\t\t\t\t\t\t\t\t\t\t\t<a href=\"https:\/\/uralmaksan.com\/wp-content\/uploads\/2023\/01\/9_236-1.webp\" data-elementor-open-lightbox=\"yes\" data-elementor-lightbox-title=\"9_236.webp\" data-e-action-hash=\"#elementor-action%3Aaction%3Dlightbox%26settings%3DeyJpZCI6MTE0MDgsInVybCI6Imh0dHBzOlwvXC91cmFsbWFrc2FuLmNvbVwvd3AtY29udGVudFwvdXBsb2Fkc1wvMjAyM1wvMDFcLzlfMjM2LTEud2VicCJ9\">\n\t\t\t\t\t\t\t<img decoding=\"async\" width=\"700\" height=\"700\" src=\"https:\/\/uralmaksan.com\/wp-content\/uploads\/2023\/01\/9_236-1.webp\" class=\"attachment-full size-full wp-image-11408\" alt=\"\" srcset=\"https:\/\/uralmaksan.com\/wp-content\/uploads\/2023\/01\/9_236-1.webp 700w, https:\/\/uralmaksan.com\/wp-content\/uploads\/2023\/01\/9_236-1-430x430.webp 430w, https:\/\/uralmaksan.com\/wp-content\/uploads\/2023\/01\/9_236-1-300x300.webp 300w, https:\/\/uralmaksan.com\/wp-content\/uploads\/2023\/01\/9_236-1-150x150.webp 150w\" sizes=\"(max-width: 700px) 100vw, 700px\" \/>\t\t\t\t\t\t\t\t<\/a>\n\t\t\t\t\t\t\t\t\t\t\t\t\t\t\t<\/div>\n\t\t\t\t<\/div>\n\t\t\t\t\t<\/div>\n\t\t<\/div>\n\t\t\t\t<div class=\"elementor-column elementor-col-33 elementor-top-column elementor-element elementor-element-31d88250\" data-id=\"31d88250\" data-element_type=\"column\">\n\t\t\t<div class=\"elementor-widget-wrap elementor-element-populated\">\n\t\t\t\t\t\t\t\t<div class=\"elementor-element elementor-element-489524a6 elementor-widget elementor-widget-image\" data-id=\"489524a6\" data-element_type=\"widget\" data-widget_type=\"image.default\">\n\t\t\t\t<div class=\"elementor-widget-container\">\n\t\t\t\t\t\t\t\t\t\t\t\t\t\t\t\t<a href=\"https:\/\/uralmaksan.com\/wp-content\/uploads\/2023\/01\/85-2-1.webp\" data-elementor-open-lightbox=\"yes\" data-elementor-lightbox-title=\"85-2.webp\" data-e-action-hash=\"#elementor-action%3Aaction%3Dlightbox%26settings%3DeyJpZCI6MTE0MTAsInVybCI6Imh0dHBzOlwvXC91cmFsbWFrc2FuLmNvbVwvd3AtY29udGVudFwvdXBsb2Fkc1wvMjAyM1wvMDFcLzg1LTItMS53ZWJwIn0%3D\">\n\t\t\t\t\t\t\t<img decoding=\"async\" width=\"700\" height=\"700\" src=\"https:\/\/uralmaksan.com\/wp-content\/uploads\/2023\/01\/85-2-1.webp\" class=\"attachment-full size-full wp-image-11410\" alt=\"\" srcset=\"https:\/\/uralmaksan.com\/wp-content\/uploads\/2023\/01\/85-2-1.webp 700w, https:\/\/uralmaksan.com\/wp-content\/uploads\/2023\/01\/85-2-1-430x430.webp 430w, https:\/\/uralmaksan.com\/wp-content\/uploads\/2023\/01\/85-2-1-300x300.webp 300w, https:\/\/uralmaksan.com\/wp-content\/uploads\/2023\/01\/85-2-1-150x150.webp 150w\" sizes=\"(max-width: 700px) 100vw, 700px\" \/>\t\t\t\t\t\t\t\t<\/a>\n\t\t\t\t\t\t\t\t\t\t\t\t\t\t\t<\/div>\n\t\t\t\t<\/div>\n\t\t\t\t\t<\/div>\n\t\t<\/div>\n\t\t\t\t\t\t\t<\/div>\n\t\t<\/section>\n\t\t\t\t<section class=\"wd-negative-gap elementor-section elementor-top-section elementor-element elementor-element-75da2adf elementor-section-boxed elementor-section-height-default elementor-section-height-default wd-section-disabled\" data-id=\"75da2adf\" data-element_type=\"section\">\n\t\t\t\t\t\t<div class=\"elementor-container elementor-column-gap-default\">\n\t\t\t\t\t<div class=\"elementor-column elementor-col-33 elementor-top-column elementor-element elementor-element-11ab8f91\" data-id=\"11ab8f91\" data-element_type=\"column\">\n\t\t\t<div class=\"elementor-widget-wrap elementor-element-populated\">\n\t\t\t\t\t\t\t\t<div class=\"elementor-element elementor-element-44aa7498 elementor-widget elementor-widget-image\" data-id=\"44aa7498\" data-element_type=\"widget\" data-widget_type=\"image.default\">\n\t\t\t\t<div class=\"elementor-widget-container\">\n\t\t\t\t\t\t\t\t\t\t\t\t\t\t\t\t<a href=\"https:\/\/uralmaksan.com\/wp-content\/uploads\/2023\/01\/83.webp\" data-elementor-open-lightbox=\"yes\" data-elementor-lightbox-title=\"83.webp\" data-e-action-hash=\"#elementor-action%3Aaction%3Dlightbox%26settings%3DeyJpZCI6MTE0MTIsInVybCI6Imh0dHBzOlwvXC91cmFsbWFrc2FuLmNvbVwvd3AtY29udGVudFwvdXBsb2Fkc1wvMjAyM1wvMDFcLzgzLndlYnAifQ%3D%3D\">\n\t\t\t\t\t\t\t<img loading=\"lazy\" decoding=\"async\" width=\"700\" height=\"700\" src=\"https:\/\/uralmaksan.com\/wp-content\/uploads\/2023\/01\/83.webp\" class=\"attachment-full size-full wp-image-11412\" alt=\"\" srcset=\"https:\/\/uralmaksan.com\/wp-content\/uploads\/2023\/01\/83.webp 700w, https:\/\/uralmaksan.com\/wp-content\/uploads\/2023\/01\/83-430x430.webp 430w, https:\/\/uralmaksan.com\/wp-content\/uploads\/2023\/01\/83-300x300.webp 300w, https:\/\/uralmaksan.com\/wp-content\/uploads\/2023\/01\/83-150x150.webp 150w\" sizes=\"(max-width: 700px) 100vw, 700px\" \/>\t\t\t\t\t\t\t\t<\/a>\n\t\t\t\t\t\t\t\t\t\t\t\t\t\t\t<\/div>\n\t\t\t\t<\/div>\n\t\t\t\t\t<\/div>\n\t\t<\/div>\n\t\t\t\t<div class=\"elementor-column elementor-col-33 elementor-top-column elementor-element elementor-element-420740fb\" data-id=\"420740fb\" data-element_type=\"column\">\n\t\t\t<div class=\"elementor-widget-wrap elementor-element-populated\">\n\t\t\t\t\t\t\t\t<div class=\"elementor-element elementor-element-104a443e elementor-widget elementor-widget-image\" data-id=\"104a443e\" data-element_type=\"widget\" data-widget_type=\"image.default\">\n\t\t\t\t<div class=\"elementor-widget-container\">\n\t\t\t\t\t\t\t\t\t\t\t\t\t\t\t\t<a href=\"https:\/\/uralmaksan.com\/wp-content\/uploads\/2023\/01\/97-1.webp\" data-elementor-open-lightbox=\"yes\" data-elementor-lightbox-title=\"97.webp\" data-e-action-hash=\"#elementor-action%3Aaction%3Dlightbox%26settings%3DeyJpZCI6MTE0MTQsInVybCI6Imh0dHBzOlwvXC91cmFsbWFrc2FuLmNvbVwvd3AtY29udGVudFwvdXBsb2Fkc1wvMjAyM1wvMDFcLzk3LTEud2VicCJ9\">\n\t\t\t\t\t\t\t<img loading=\"lazy\" decoding=\"async\" width=\"700\" height=\"700\" src=\"https:\/\/uralmaksan.com\/wp-content\/uploads\/2023\/01\/97-1.webp\" class=\"attachment-full size-full wp-image-11414\" alt=\"\" srcset=\"https:\/\/uralmaksan.com\/wp-content\/uploads\/2023\/01\/97-1.webp 700w, https:\/\/uralmaksan.com\/wp-content\/uploads\/2023\/01\/97-1-430x430.webp 430w, https:\/\/uralmaksan.com\/wp-content\/uploads\/2023\/01\/97-1-300x300.webp 300w, https:\/\/uralmaksan.com\/wp-content\/uploads\/2023\/01\/97-1-150x150.webp 150w\" sizes=\"(max-width: 700px) 100vw, 700px\" \/>\t\t\t\t\t\t\t\t<\/a>\n\t\t\t\t\t\t\t\t\t\t\t\t\t\t\t<\/div>\n\t\t\t\t<\/div>\n\t\t\t\t\t<\/div>\n\t\t<\/div>\n\t\t\t\t<div class=\"elementor-column elementor-col-33 elementor-top-column elementor-element elementor-element-72ca5e87\" data-id=\"72ca5e87\" data-element_type=\"column\">\n\t\t\t<div class=\"elementor-widget-wrap elementor-element-populated\">\n\t\t\t\t\t\t\t\t<div class=\"elementor-element elementor-element-429bc538 elementor-widget elementor-widget-image\" data-id=\"429bc538\" data-element_type=\"widget\" data-widget_type=\"image.default\">\n\t\t\t\t<div class=\"elementor-widget-container\">\n\t\t\t\t\t\t\t\t\t\t\t\t\t\t\t\t<a href=\"https:\/\/uralmaksan.com\/wp-content\/uploads\/2023\/01\/90-1.webp\" data-elementor-open-lightbox=\"yes\" data-elementor-lightbox-title=\"90.webp\" data-e-action-hash=\"#elementor-action%3Aaction%3Dlightbox%26settings%3DeyJpZCI6MTE0MTYsInVybCI6Imh0dHBzOlwvXC91cmFsbWFrc2FuLmNvbVwvd3AtY29udGVudFwvdXBsb2Fkc1wvMjAyM1wvMDFcLzkwLTEud2VicCJ9\">\n\t\t\t\t\t\t\t<img loading=\"lazy\" decoding=\"async\" width=\"700\" height=\"700\" src=\"https:\/\/uralmaksan.com\/wp-content\/uploads\/2023\/01\/90-1.webp\" class=\"attachment-full size-full wp-image-11416\" alt=\"\" srcset=\"https:\/\/uralmaksan.com\/wp-content\/uploads\/2023\/01\/90-1.webp 700w, https:\/\/uralmaksan.com\/wp-content\/uploads\/2023\/01\/90-1-430x430.webp 430w, https:\/\/uralmaksan.com\/wp-content\/uploads\/2023\/01\/90-1-300x300.webp 300w, https:\/\/uralmaksan.com\/wp-content\/uploads\/2023\/01\/90-1-150x150.webp 150w\" sizes=\"(max-width: 700px) 100vw, 700px\" \/>\t\t\t\t\t\t\t\t<\/a>\n\t\t\t\t\t\t\t\t\t\t\t\t\t\t\t<\/div>\n\t\t\t\t<\/div>\n\t\t\t\t\t<\/div>\n\t\t<\/div>\n\t\t\t\t\t\t\t<\/div>\n\t\t<\/section>\n\t\t\t\t\t\t\t<\/div>\n\t\t","protected":false},"excerpt":{"rendered":"","protected":false},"author":1,"featured_media":0,"parent":0,"menu_order":0,"comment_status":"closed","ping_status":"closed","template":"","meta":{"footnotes":""},"class_list":["post-12138","page","type-page","status-publish","hentry"],"yoast_head":"<!-- This site is optimized with the Yoast SEO plugin v21.8 - https:\/\/yoast.com\/wordpress\/plugins\/seo\/ -->\n<title>Kutular | End\u00fcstriyel Ta\u015f\u0131ma ve Paketleme | Uralmaksan<\/title>\n<meta name=\"description\" content=\"D\u00fcnyan\u0131n \u00f6nde gelen \u00fcreticilerine uzun y\u0131llard\u0131r Kutular alan\u0131nda hizmet veriyor, \u00fcr\u00fcnlerimizi gururla ihra\u00e7 ediyoruz.\" \/>\n<meta name=\"robots\" content=\"index, follow, max-snippet:-1, max-image-preview:large, max-video-preview:-1\" \/>\n<link rel=\"canonical\" href=\"https:\/\/uralmaksan.com\/tr\/kutular\/\" \/>\n<meta property=\"og:locale\" content=\"tr_TR\" \/>\n<meta property=\"og:type\" content=\"article\" \/>\n<meta property=\"og:title\" content=\"Kutular | End\u00fcstriyel Ta\u015f\u0131ma ve Paketleme | Uralmaksan\" \/>\n<meta property=\"og:description\" content=\"D\u00fcnyan\u0131n \u00f6nde gelen \u00fcreticilerine uzun y\u0131llard\u0131r Kutular alan\u0131nda hizmet veriyor, \u00fcr\u00fcnlerimizi gururla ihra\u00e7 ediyoruz.\" \/>\n<meta property=\"og:url\" content=\"https:\/\/uralmaksan.com\/tr\/kutular\/\" \/>\n<meta property=\"og:site_name\" content=\"Uralmaksan\" \/>\n<meta property=\"article:modified_time\" content=\"2023-03-03T07:55:52+00:00\" \/>\n<meta property=\"og:image\" content=\"https:\/\/uralmaksan.com\/wp-content\/uploads\/2023\/01\/139.webp\" \/>\n<meta name=\"twitter:card\" content=\"summary_large_image\" \/>\n<meta name=\"twitter:label1\" content=\"Tahmini okuma s\u00fcresi\" \/>\n\t<meta name=\"twitter:data1\" content=\"2 dakika\" \/>\n<script type=\"application\/ld+json\" class=\"yoast-schema-graph\">{\"@context\":\"https:\/\/schema.org\",\"@graph\":[{\"@type\":\"WebPage\",\"@id\":\"https:\/\/uralmaksan.com\/tr\/kutular\/\",\"url\":\"https:\/\/uralmaksan.com\/tr\/kutular\/\",\"name\":\"Kutular | End\u00fcstriyel Ta\u015f\u0131ma ve Paketleme | Uralmaksan\",\"isPartOf\":{\"@id\":\"https:\/\/uralmaksan.com\/#website\"},\"datePublished\":\"2023-01-19T14:53:17+00:00\",\"dateModified\":\"2023-03-03T07:55:52+00:00\",\"description\":\"D\u00fcnyan\u0131n \u00f6nde gelen \u00fcreticilerine uzun y\u0131llard\u0131r Kutular alan\u0131nda hizmet veriyor, \u00fcr\u00fcnlerimizi gururla ihra\u00e7 ediyoruz.\",\"breadcrumb\":{\"@id\":\"https:\/\/uralmaksan.com\/tr\/kutular\/#breadcrumb\"},\"inLanguage\":\"tr\",\"potentialAction\":[{\"@type\":\"ReadAction\",\"target\":[\"https:\/\/uralmaksan.com\/tr\/kutular\/\"]}]},{\"@type\":\"BreadcrumbList\",\"@id\":\"https:\/\/uralmaksan.com\/tr\/kutular\/#breadcrumb\",\"itemListElement\":[{\"@type\":\"ListItem\",\"position\":1,\"name\":\"Home\",\"item\":\"https:\/\/uralmaksan.com\/\"},{\"@type\":\"ListItem\",\"position\":2,\"name\":\"Kutular\"}]},{\"@type\":\"WebSite\",\"@id\":\"https:\/\/uralmaksan.com\/#website\",\"url\":\"https:\/\/uralmaksan.com\/\",\"name\":\"Uralmaksan\",\"description\":\"Uralmaksan\",\"publisher\":{\"@id\":\"https:\/\/uralmaksan.com\/#organization\"},\"potentialAction\":[{\"@type\":\"SearchAction\",\"target\":{\"@type\":\"EntryPoint\",\"urlTemplate\":\"https:\/\/uralmaksan.com\/?s={search_term_string}\"},\"query-input\":\"required name=search_term_string\"}],\"inLanguage\":\"tr\"},{\"@type\":\"Organization\",\"@id\":\"https:\/\/uralmaksan.com\/#organization\",\"name\":\"Uralmaksan\",\"url\":\"https:\/\/uralmaksan.com\/\",\"logo\":{\"@type\":\"ImageObject\",\"inLanguage\":\"tr\",\"@id\":\"https:\/\/uralmaksan.com\/#\/schema\/logo\/image\/\",\"url\":\"https:\/\/uralmaksan.com\/wp-content\/uploads\/2023\/01\/uralmaksan-logo.png\",\"contentUrl\":\"https:\/\/uralmaksan.com\/wp-content\/uploads\/2023\/01\/uralmaksan-logo.png\",\"width\":4384,\"height\":559,\"caption\":\"Uralmaksan\"},\"image\":{\"@id\":\"https:\/\/uralmaksan.com\/#\/schema\/logo\/image\/\"}}]}<\/script>\n<!-- \/ Yoast SEO plugin. -->","yoast_head_json":{"title":"Kutular | End\u00fcstriyel Ta\u015f\u0131ma ve Paketleme | Uralmaksan","description":"D\u00fcnyan\u0131n \u00f6nde gelen \u00fcreticilerine uzun y\u0131llard\u0131r Kutular alan\u0131nda hizmet veriyor, \u00fcr\u00fcnlerimizi gururla ihra\u00e7 ediyoruz.","robots":{"index":"index","follow":"follow","max-snippet":"max-snippet:-1","max-image-preview":"max-image-preview:large","max-video-preview":"max-video-preview:-1"},"canonical":"https:\/\/uralmaksan.com\/tr\/kutular\/","og_locale":"tr_TR","og_type":"article","og_title":"Kutular | End\u00fcstriyel Ta\u015f\u0131ma ve Paketleme | Uralmaksan","og_description":"D\u00fcnyan\u0131n \u00f6nde gelen \u00fcreticilerine uzun y\u0131llard\u0131r Kutular alan\u0131nda hizmet veriyor, \u00fcr\u00fcnlerimizi gururla ihra\u00e7 ediyoruz.","og_url":"https:\/\/uralmaksan.com\/tr\/kutular\/","og_site_name":"Uralmaksan","article_modified_time":"2023-03-03T07:55:52+00:00","og_image":[{"url":"https:\/\/uralmaksan.com\/wp-content\/uploads\/2023\/01\/139.webp"}],"twitter_card":"summary_large_image","twitter_misc":{"Tahmini okuma s\u00fcresi":"2 dakika"},"schema":{"@context":"https:\/\/schema.org","@graph":[{"@type":"WebPage","@id":"https:\/\/uralmaksan.com\/tr\/kutular\/","url":"https:\/\/uralmaksan.com\/tr\/kutular\/","name":"Kutular | End\u00fcstriyel Ta\u015f\u0131ma ve Paketleme | Uralmaksan","isPartOf":{"@id":"https:\/\/uralmaksan.com\/#website"},"datePublished":"2023-01-19T14:53:17+00:00","dateModified":"2023-03-03T07:55:52+00:00","description":"D\u00fcnyan\u0131n \u00f6nde gelen \u00fcreticilerine uzun y\u0131llard\u0131r Kutular alan\u0131nda hizmet veriyor, \u00fcr\u00fcnlerimizi gururla ihra\u00e7 ediyoruz.","breadcrumb":{"@id":"https:\/\/uralmaksan.com\/tr\/kutular\/#breadcrumb"},"inLanguage":"tr","potentialAction":[{"@type":"ReadAction","target":["https:\/\/uralmaksan.com\/tr\/kutular\/"]}]},{"@type":"BreadcrumbList","@id":"https:\/\/uralmaksan.com\/tr\/kutular\/#breadcrumb","itemListElement":[{"@type":"ListItem","position":1,"name":"Home","item":"https:\/\/uralmaksan.com\/"},{"@type":"ListItem","position":2,"name":"Kutular"}]},{"@type":"WebSite","@id":"https:\/\/uralmaksan.com\/#website","url":"https:\/\/uralmaksan.com\/","name":"Uralmaksan","description":"Uralmaksan","publisher":{"@id":"https:\/\/uralmaksan.com\/#organization"},"potentialAction":[{"@type":"SearchAction","target":{"@type":"EntryPoint","urlTemplate":"https:\/\/uralmaksan.com\/?s={search_term_string}"},"query-input":"required name=search_term_string"}],"inLanguage":"tr"},{"@type":"Organization","@id":"https:\/\/uralmaksan.com\/#organization","name":"Uralmaksan","url":"https:\/\/uralmaksan.com\/","logo":{"@type":"ImageObject","inLanguage":"tr","@id":"https:\/\/uralmaksan.com\/#\/schema\/logo\/image\/","url":"https:\/\/uralmaksan.com\/wp-content\/uploads\/2023\/01\/uralmaksan-logo.png","contentUrl":"https:\/\/uralmaksan.com\/wp-content\/uploads\/2023\/01\/uralmaksan-logo.png","width":4384,"height":559,"caption":"Uralmaksan"},"image":{"@id":"https:\/\/uralmaksan.com\/#\/schema\/logo\/image\/"}}]}},"_links":{"self":[{"href":"https:\/\/uralmaksan.com\/tr\/wp-json\/wp\/v2\/pages\/12138","targetHints":{"allow":["GET"]}}],"collection":[{"href":"https:\/\/uralmaksan.com\/tr\/wp-json\/wp\/v2\/pages"}],"about":[{"href":"https:\/\/uralmaksan.com\/tr\/wp-json\/wp\/v2\/types\/page"}],"author":[{"embeddable":true,"href":"https:\/\/uralmaksan.com\/tr\/wp-json\/wp\/v2\/users\/1"}],"replies":[{"embeddable":true,"href":"https:\/\/uralmaksan.com\/tr\/wp-json\/wp\/v2\/comments?post=12138"}],"version-history":[{"count":2,"href":"https:\/\/uralmaksan.com\/tr\/wp-json\/wp\/v2\/pages\/12138\/revisions"}],"predecessor-version":[{"id":12234,"href":"https:\/\/uralmaksan.com\/tr\/wp-json\/wp\/v2\/pages\/12138\/revisions\/12234"}],"wp:attachment":[{"href":"https:\/\/uralmaksan.com\/tr\/wp-json\/wp\/v2\/media?parent=12138"}],"curies":[{"name":"wp","href":"https:\/\/api.w.org\/{rel}","templated":true}]}}