{"id":12144,"date":"2023-01-19T14:53:09","date_gmt":"2023-01-19T14:53:09","guid":{"rendered":"https:\/\/gokayyilmaz.com\/kutular-ve-katlanabilir-kasalar-2\/"},"modified":"2023-03-03T07:57:14","modified_gmt":"2023-03-03T07:57:14","slug":"kutular-ve-katlanabilir-kasalar","status":"publish","type":"page","link":"https:\/\/uralmaksan.com\/tr\/kutular-ve-katlanabilir-kasalar\/","title":{"rendered":"Kutular ve Katlanabilir Kasalar"},"content":{"rendered":"\t\t<div data-elementor-type=\"wp-page\" data-elementor-id=\"12144\" class=\"elementor elementor-12144 elementor-11333\">\n\t\t\t\t\t\t\t\t\t<section class=\"wd-negative-gap elementor-section elementor-top-section elementor-element elementor-element-38bf80a elementor-section-boxed elementor-section-height-default elementor-section-height-default wd-section-disabled\" data-id=\"38bf80a\" data-element_type=\"section\">\n\t\t\t\t\t\t<div class=\"elementor-container elementor-column-gap-wider\">\n\t\t\t\t\t<div class=\"elementor-column elementor-col-33 elementor-top-column elementor-element elementor-element-7ca42fbb\" data-id=\"7ca42fbb\" data-element_type=\"column\" id=\"boxxx\" data-settings=\"{&quot;background_background&quot;:&quot;gradient&quot;}\">\n\t\t\t<div class=\"elementor-widget-wrap elementor-element-populated\">\n\t\t\t\t\t\t\t\t<div class=\"elementor-element elementor-element-658ae144 color-scheme-inherit text-left elementor-widget elementor-widget-text-editor\" data-id=\"658ae144\" data-element_type=\"widget\" data-widget_type=\"text-editor.default\">\n\t\t\t\t<div class=\"elementor-widget-container\">\n\t\t\t<style>\/*! elementor - v3.18.0 - 20-12-2023 *\/\n.elementor-widget-text-editor.elementor-drop-cap-view-stacked .elementor-drop-cap{background-color:#69727d;color:#fff}.elementor-widget-text-editor.elementor-drop-cap-view-framed .elementor-drop-cap{color:#69727d;border:3px solid;background-color:transparent}.elementor-widget-text-editor:not(.elementor-drop-cap-view-default) .elementor-drop-cap{margin-top:8px}.elementor-widget-text-editor:not(.elementor-drop-cap-view-default) .elementor-drop-cap-letter{width:1em;height:1em}.elementor-widget-text-editor .elementor-drop-cap{float:left;text-align:center;line-height:1;font-size:50px}.elementor-widget-text-editor .elementor-drop-cap-letter{display:inline-block}<\/style>\t\t\t\t<p>T\u00fcm sekt\u00f6rler i\u00e7in, istenilen \u00f6zelliklerde kutular ve katlanabilir kasalar<\/p>\n\t\t\t\t\t\t<\/div>\n\t\t\t\t<\/div>\n\t\t\t\t<div class=\"elementor-element elementor-element-62ae5f1d elementor-widget elementor-widget-wd_button\" data-id=\"62ae5f1d\" data-element_type=\"widget\" data-widget_type=\"wd_button.default\">\n\t\t\t\t<div class=\"elementor-widget-container\">\n\t\t\t\t\t<div class=\"wd-button-wrapper text-left\" >\n\t\t\t<a class=\"btn btn-style-default btn-style-rectangle btn-size-large btn-color-primary btn-icon-pos-right\"  href=\"https:\/\/uralmaksan.com\/tr\/teklif-formu\/\">\n\t\t\t\t<span class=\"wd-btn-text\" data-elementor-setting-key=\"text\">\n\t\t\t\t\tYARDIM AL\t\t\t\t<\/span>\n\n\t\t\t\t\t\t\t\t\t<span class=\"wd-btn-icon\">\n\t\t\t\t\t\t<span class=\"wd-icon fas fa-chevron-right\"><\/span>\t\t\t\t\t<\/span>\n\t\t\t\t\t\t\t<\/a>\n\t\t<\/div>\n\t\t\t\t<\/div>\n\t\t\t\t<\/div>\n\t\t\t\t\t<\/div>\n\t\t<\/div>\n\t\t\t\t<div class=\"elementor-column elementor-col-33 elementor-top-column elementor-element elementor-element-3ac10003\" data-id=\"3ac10003\" data-element_type=\"column\">\n\t\t\t<div class=\"elementor-widget-wrap elementor-element-populated\">\n\t\t\t\t\t\t\t\t<div class=\"elementor-element elementor-element-136b907 elementor-widget elementor-widget-wd_banner\" data-id=\"136b907\" data-element_type=\"widget\" data-widget_type=\"wd_banner.default\">\n\t\t\t\t<div class=\"elementor-widget-container\">\n\t\t\t\t\t<div class=\"promo-banner-wrapper\">\n\t\t\t<div class=\"promo-banner banner-default banner-hover-border color-scheme- banner-btn-size-default banner-btn-style-default cursor-pointer\" onclick=\"window.location.href='https:\/\/uralmaksan.com\/tr\/kutular\/'\">\n\t\t\t\t<div class=\"main-wrapp-img\">\n\t\t\t\t\t<div class=\"banner-image wd-without-height\">\n\t\t\t\t\t\t\t\t\t\t\t\t\t<img fetchpriority=\"high\" decoding=\"async\" width=\"700\" height=\"700\" src=\"https:\/\/uralmaksan.com\/wp-content\/uploads\/2023\/01\/139.webp\" class=\"attachment-full size-full wp-image-11334\" alt=\"\" srcset=\"https:\/\/uralmaksan.com\/wp-content\/uploads\/2023\/01\/139.webp 700w, https:\/\/uralmaksan.com\/wp-content\/uploads\/2023\/01\/139-430x430.webp 430w, https:\/\/uralmaksan.com\/wp-content\/uploads\/2023\/01\/139-300x300.webp 300w, https:\/\/uralmaksan.com\/wp-content\/uploads\/2023\/01\/139-150x150.webp 150w\" sizes=\"(max-width: 700px) 100vw, 700px\" \/>\t\t\t\t\t\t\t\t\t\t\t<\/div>\n\t\t\t\t<\/div>\n\n\t\t\t\t<div class=\"wrapper-content-banner wd-fill wd-items-bottom wd-justify-left\">\n\t\t\t\t\t<div class=\"content-banner text-left\">\n\t\t\t\t\t\t<div class=\"banner-title-wrap\">\n\t\t\t\t\t\t\t\n\t\t\t\t\t\t\t\t\t\t\t\t\t\t\t<h4 class=\"banner-title wd-fontsize-l\" data-elementor-setting-key=\"title\">\n\t\t\t\t\t\t\t\t\tKutular ve Kasalar\t\t\t\t\t\t\t\t<\/h4>\n\t\t\t\t\t\t\t\t\t\t\t\t\t<\/div>\n\n\t\t\t\t\t\t\n\t\t\t\t\t\t\n\t\t\t\t\t\t\t\t\t\t\t<\/div>\n\t\t\t\t<\/div>\n\t\t\t<\/div>\n\t\t<\/div>\n\t\t\t\t<\/div>\n\t\t\t\t<\/div>\n\t\t\t\t\t<\/div>\n\t\t<\/div>\n\t\t\t\t<div class=\"elementor-column elementor-col-33 elementor-top-column elementor-element elementor-element-1c71b59d\" data-id=\"1c71b59d\" data-element_type=\"column\">\n\t\t\t<div class=\"elementor-widget-wrap elementor-element-populated\">\n\t\t\t\t\t\t\t\t<div class=\"elementor-element elementor-element-60324407 elementor-widget elementor-widget-wd_banner\" data-id=\"60324407\" data-element_type=\"widget\" data-widget_type=\"wd_banner.default\">\n\t\t\t\t<div class=\"elementor-widget-container\">\n\t\t\t\t\t<div class=\"promo-banner-wrapper\">\n\t\t\t<div class=\"promo-banner banner-default banner-hover-border color-scheme- banner-btn-size-default banner-btn-style-default cursor-pointer\" onclick=\"window.location.href='https:\/\/uralmaksan.com\/tr\/katlanabilir-kasalar\/'\">\n\t\t\t\t<div class=\"main-wrapp-img\">\n\t\t\t\t\t<div class=\"banner-image wd-without-height\">\n\t\t\t\t\t\t\t\t\t\t\t\t\t<img decoding=\"async\" width=\"700\" height=\"700\" src=\"https:\/\/uralmaksan.com\/wp-content\/uploads\/2023\/01\/112.webp\" class=\"attachment-full size-full wp-image-11336\" alt=\"\" srcset=\"https:\/\/uralmaksan.com\/wp-content\/uploads\/2023\/01\/112.webp 700w, https:\/\/uralmaksan.com\/wp-content\/uploads\/2023\/01\/112-430x430.webp 430w, https:\/\/uralmaksan.com\/wp-content\/uploads\/2023\/01\/112-300x300.webp 300w, https:\/\/uralmaksan.com\/wp-content\/uploads\/2023\/01\/112-150x150.webp 150w\" sizes=\"(max-width: 700px) 100vw, 700px\" \/>\t\t\t\t\t\t\t\t\t\t\t<\/div>\n\t\t\t\t<\/div>\n\n\t\t\t\t<div class=\"wrapper-content-banner wd-fill wd-items-bottom wd-justify-left\">\n\t\t\t\t\t<div class=\"content-banner text-left\">\n\t\t\t\t\t\t<div class=\"banner-title-wrap\">\n\t\t\t\t\t\t\t\n\t\t\t\t\t\t\t\t\t\t\t\t\t\t\t<h4 class=\"banner-title wd-fontsize-l\" data-elementor-setting-key=\"title\">\n\t\t\t\t\t\t\t\t\tKatlanabilir Kasalar\t\t\t\t\t\t\t\t<\/h4>\n\t\t\t\t\t\t\t\t\t\t\t\t\t<\/div>\n\n\t\t\t\t\t\t\n\t\t\t\t\t\t\n\t\t\t\t\t\t\t\t\t\t\t<\/div>\n\t\t\t\t<\/div>\n\t\t\t<\/div>\n\t\t<\/div>\n\t\t\t\t<\/div>\n\t\t\t\t<\/div>\n\t\t\t\t\t<\/div>\n\t\t<\/div>\n\t\t\t\t\t\t\t<\/div>\n\t\t<\/section>\n\t\t\t\t\t\t\t<\/div>\n\t\t","protected":false},"excerpt":{"rendered":"<p>T\u00fcm sekt\u00f6rler i\u00e7in, istenilen \u00f6zelliklerde kutular ve katlanabilir kasalar YARDIM AL Kutular ve Kasalar Katlanabilir Kasalar<\/p>\n","protected":false},"author":1,"featured_media":0,"parent":0,"menu_order":0,"comment_status":"closed","ping_status":"closed","template":"","meta":{"footnotes":""},"class_list":["post-12144","page","type-page","status-publish","hentry"],"yoast_head":"<!-- This site is optimized with the Yoast SEO plugin v21.8 - https:\/\/yoast.com\/wordpress\/plugins\/seo\/ -->\n<title>Kutular ve Katlanabilir Kasalar | End\u00fcstriyel Ta\u015f\u0131ma ve Paketleme | Uralmaksan<\/title>\n<meta name=\"description\" content=\"D\u00fcnyan\u0131n \u00f6nde gelen \u00fcreticilerine uzun y\u0131llard\u0131r Kutular ve Katlanabilir Kasalar alan\u0131nda hizmet veriyor, \u00fcr\u00fcnlerimizi gururla ihra\u00e7 ediyoruz.\" \/>\n<meta name=\"robots\" content=\"index, follow, max-snippet:-1, max-image-preview:large, max-video-preview:-1\" \/>\n<link rel=\"canonical\" href=\"https:\/\/uralmaksan.com\/tr\/kutular-ve-katlanabilir-kasalar\/\" \/>\n<meta property=\"og:locale\" content=\"tr_TR\" \/>\n<meta property=\"og:type\" content=\"article\" \/>\n<meta property=\"og:title\" content=\"Kutular ve Katlanabilir Kasalar | End\u00fcstriyel Ta\u015f\u0131ma ve Paketleme | Uralmaksan\" \/>\n<meta property=\"og:description\" content=\"D\u00fcnyan\u0131n \u00f6nde gelen \u00fcreticilerine uzun y\u0131llard\u0131r Kutular ve Katlanabilir Kasalar alan\u0131nda hizmet veriyor, \u00fcr\u00fcnlerimizi gururla ihra\u00e7 ediyoruz.\" \/>\n<meta property=\"og:url\" content=\"https:\/\/uralmaksan.com\/tr\/kutular-ve-katlanabilir-kasalar\/\" \/>\n<meta property=\"og:site_name\" content=\"Uralmaksan\" \/>\n<meta property=\"article:modified_time\" content=\"2023-03-03T07:57:14+00:00\" \/>\n<meta property=\"og:image\" content=\"https:\/\/uralmaksan.com\/wp-content\/uploads\/2023\/01\/139.webp\" \/>\n<meta name=\"twitter:card\" content=\"summary_large_image\" \/>\n<meta name=\"twitter:label1\" content=\"Tahmini okuma s\u00fcresi\" \/>\n\t<meta name=\"twitter:data1\" content=\"1 dakika\" \/>\n<script type=\"application\/ld+json\" class=\"yoast-schema-graph\">{\"@context\":\"https:\/\/schema.org\",\"@graph\":[{\"@type\":\"WebPage\",\"@id\":\"https:\/\/uralmaksan.com\/tr\/kutular-ve-katlanabilir-kasalar\/\",\"url\":\"https:\/\/uralmaksan.com\/tr\/kutular-ve-katlanabilir-kasalar\/\",\"name\":\"Kutular ve Katlanabilir Kasalar | End\u00fcstriyel Ta\u015f\u0131ma ve Paketleme | Uralmaksan\",\"isPartOf\":{\"@id\":\"https:\/\/uralmaksan.com\/#website\"},\"datePublished\":\"2023-01-19T14:53:09+00:00\",\"dateModified\":\"2023-03-03T07:57:14+00:00\",\"description\":\"D\u00fcnyan\u0131n \u00f6nde gelen \u00fcreticilerine uzun y\u0131llard\u0131r Kutular ve Katlanabilir Kasalar alan\u0131nda hizmet veriyor, \u00fcr\u00fcnlerimizi gururla ihra\u00e7 ediyoruz.\",\"breadcrumb\":{\"@id\":\"https:\/\/uralmaksan.com\/tr\/kutular-ve-katlanabilir-kasalar\/#breadcrumb\"},\"inLanguage\":\"tr\",\"potentialAction\":[{\"@type\":\"ReadAction\",\"target\":[\"https:\/\/uralmaksan.com\/tr\/kutular-ve-katlanabilir-kasalar\/\"]}]},{\"@type\":\"BreadcrumbList\",\"@id\":\"https:\/\/uralmaksan.com\/tr\/kutular-ve-katlanabilir-kasalar\/#breadcrumb\",\"itemListElement\":[{\"@type\":\"ListItem\",\"position\":1,\"name\":\"Home\",\"item\":\"https:\/\/uralmaksan.com\/\"},{\"@type\":\"ListItem\",\"position\":2,\"name\":\"Kutular ve Katlanabilir Kasalar\"}]},{\"@type\":\"WebSite\",\"@id\":\"https:\/\/uralmaksan.com\/#website\",\"url\":\"https:\/\/uralmaksan.com\/\",\"name\":\"Uralmaksan\",\"description\":\"Uralmaksan\",\"publisher\":{\"@id\":\"https:\/\/uralmaksan.com\/#organization\"},\"potentialAction\":[{\"@type\":\"SearchAction\",\"target\":{\"@type\":\"EntryPoint\",\"urlTemplate\":\"https:\/\/uralmaksan.com\/?s={search_term_string}\"},\"query-input\":\"required name=search_term_string\"}],\"inLanguage\":\"tr\"},{\"@type\":\"Organization\",\"@id\":\"https:\/\/uralmaksan.com\/#organization\",\"name\":\"Uralmaksan\",\"url\":\"https:\/\/uralmaksan.com\/\",\"logo\":{\"@type\":\"ImageObject\",\"inLanguage\":\"tr\",\"@id\":\"https:\/\/uralmaksan.com\/#\/schema\/logo\/image\/\",\"url\":\"https:\/\/uralmaksan.com\/wp-content\/uploads\/2023\/01\/uralmaksan-logo.png\",\"contentUrl\":\"https:\/\/uralmaksan.com\/wp-content\/uploads\/2023\/01\/uralmaksan-logo.png\",\"width\":4384,\"height\":559,\"caption\":\"Uralmaksan\"},\"image\":{\"@id\":\"https:\/\/uralmaksan.com\/#\/schema\/logo\/image\/\"}}]}<\/script>\n<!-- \/ Yoast SEO plugin. -->","yoast_head_json":{"title":"Kutular ve Katlanabilir Kasalar | End\u00fcstriyel Ta\u015f\u0131ma ve Paketleme | Uralmaksan","description":"D\u00fcnyan\u0131n \u00f6nde gelen \u00fcreticilerine uzun y\u0131llard\u0131r Kutular ve Katlanabilir Kasalar alan\u0131nda hizmet veriyor, \u00fcr\u00fcnlerimizi gururla ihra\u00e7 ediyoruz.","robots":{"index":"index","follow":"follow","max-snippet":"max-snippet:-1","max-image-preview":"max-image-preview:large","max-video-preview":"max-video-preview:-1"},"canonical":"https:\/\/uralmaksan.com\/tr\/kutular-ve-katlanabilir-kasalar\/","og_locale":"tr_TR","og_type":"article","og_title":"Kutular ve Katlanabilir Kasalar | End\u00fcstriyel Ta\u015f\u0131ma ve Paketleme | Uralmaksan","og_description":"D\u00fcnyan\u0131n \u00f6nde gelen \u00fcreticilerine uzun y\u0131llard\u0131r Kutular ve Katlanabilir Kasalar alan\u0131nda hizmet veriyor, \u00fcr\u00fcnlerimizi gururla ihra\u00e7 ediyoruz.","og_url":"https:\/\/uralmaksan.com\/tr\/kutular-ve-katlanabilir-kasalar\/","og_site_name":"Uralmaksan","article_modified_time":"2023-03-03T07:57:14+00:00","og_image":[{"url":"https:\/\/uralmaksan.com\/wp-content\/uploads\/2023\/01\/139.webp"}],"twitter_card":"summary_large_image","twitter_misc":{"Tahmini okuma s\u00fcresi":"1 dakika"},"schema":{"@context":"https:\/\/schema.org","@graph":[{"@type":"WebPage","@id":"https:\/\/uralmaksan.com\/tr\/kutular-ve-katlanabilir-kasalar\/","url":"https:\/\/uralmaksan.com\/tr\/kutular-ve-katlanabilir-kasalar\/","name":"Kutular ve Katlanabilir Kasalar | End\u00fcstriyel Ta\u015f\u0131ma ve Paketleme | Uralmaksan","isPartOf":{"@id":"https:\/\/uralmaksan.com\/#website"},"datePublished":"2023-01-19T14:53:09+00:00","dateModified":"2023-03-03T07:57:14+00:00","description":"D\u00fcnyan\u0131n \u00f6nde gelen \u00fcreticilerine uzun y\u0131llard\u0131r Kutular ve Katlanabilir Kasalar alan\u0131nda hizmet veriyor, \u00fcr\u00fcnlerimizi gururla ihra\u00e7 ediyoruz.","breadcrumb":{"@id":"https:\/\/uralmaksan.com\/tr\/kutular-ve-katlanabilir-kasalar\/#breadcrumb"},"inLanguage":"tr","potentialAction":[{"@type":"ReadAction","target":["https:\/\/uralmaksan.com\/tr\/kutular-ve-katlanabilir-kasalar\/"]}]},{"@type":"BreadcrumbList","@id":"https:\/\/uralmaksan.com\/tr\/kutular-ve-katlanabilir-kasalar\/#breadcrumb","itemListElement":[{"@type":"ListItem","position":1,"name":"Home","item":"https:\/\/uralmaksan.com\/"},{"@type":"ListItem","position":2,"name":"Kutular ve Katlanabilir Kasalar"}]},{"@type":"WebSite","@id":"https:\/\/uralmaksan.com\/#website","url":"https:\/\/uralmaksan.com\/","name":"Uralmaksan","description":"Uralmaksan","publisher":{"@id":"https:\/\/uralmaksan.com\/#organization"},"potentialAction":[{"@type":"SearchAction","target":{"@type":"EntryPoint","urlTemplate":"https:\/\/uralmaksan.com\/?s={search_term_string}"},"query-input":"required name=search_term_string"}],"inLanguage":"tr"},{"@type":"Organization","@id":"https:\/\/uralmaksan.com\/#organization","name":"Uralmaksan","url":"https:\/\/uralmaksan.com\/","logo":{"@type":"ImageObject","inLanguage":"tr","@id":"https:\/\/uralmaksan.com\/#\/schema\/logo\/image\/","url":"https:\/\/uralmaksan.com\/wp-content\/uploads\/2023\/01\/uralmaksan-logo.png","contentUrl":"https:\/\/uralmaksan.com\/wp-content\/uploads\/2023\/01\/uralmaksan-logo.png","width":4384,"height":559,"caption":"Uralmaksan"},"image":{"@id":"https:\/\/uralmaksan.com\/#\/schema\/logo\/image\/"}}]}},"_links":{"self":[{"href":"https:\/\/uralmaksan.com\/tr\/wp-json\/wp\/v2\/pages\/12144","targetHints":{"allow":["GET"]}}],"collection":[{"href":"https:\/\/uralmaksan.com\/tr\/wp-json\/wp\/v2\/pages"}],"about":[{"href":"https:\/\/uralmaksan.com\/tr\/wp-json\/wp\/v2\/types\/page"}],"author":[{"embeddable":true,"href":"https:\/\/uralmaksan.com\/tr\/wp-json\/wp\/v2\/users\/1"}],"replies":[{"embeddable":true,"href":"https:\/\/uralmaksan.com\/tr\/wp-json\/wp\/v2\/comments?post=12144"}],"version-history":[{"count":7,"href":"https:\/\/uralmaksan.com\/tr\/wp-json\/wp\/v2\/pages\/12144\/revisions"}],"predecessor-version":[{"id":12504,"href":"https:\/\/uralmaksan.com\/tr\/wp-json\/wp\/v2\/pages\/12144\/revisions\/12504"}],"wp:attachment":[{"href":"https:\/\/uralmaksan.com\/tr\/wp-json\/wp\/v2\/media?parent=12144"}],"curies":[{"name":"wp","href":"https:\/\/api.w.org\/{rel}","templated":true}]}}