{"id":12156,"date":"2023-01-19T14:53:15","date_gmt":"2023-01-19T14:53:15","guid":{"rendered":"https:\/\/gokayyilmaz.com\/pp-seperatorler\/"},"modified":"2023-03-03T07:58:19","modified_gmt":"2023-03-03T07:58:19","slug":"pp-seperatorler","status":"publish","type":"page","link":"https:\/\/uralmaksan.com\/tr\/pp-seperatorler\/","title":{"rendered":"PP Seperat\u00f6rler"},"content":{"rendered":"\t\t<div data-elementor-type=\"wp-page\" data-elementor-id=\"12156\" class=\"elementor elementor-12156 elementor-11390\">\n\t\t\t\t\t\t\t\t\t<section class=\"wd-negative-gap elementor-section elementor-top-section elementor-element elementor-element-1915b7ab elementor-section-boxed elementor-section-height-default elementor-section-height-default wd-section-disabled\" data-id=\"1915b7ab\" data-element_type=\"section\">\n\t\t\t\t\t\t<div class=\"elementor-container elementor-column-gap-default\">\n\t\t\t\t\t<div class=\"elementor-column elementor-col-33 elementor-top-column elementor-element elementor-element-41e89d1c\" data-id=\"41e89d1c\" data-element_type=\"column\">\n\t\t\t<div class=\"elementor-widget-wrap elementor-element-populated\">\n\t\t\t\t\t\t\t\t<div class=\"elementor-element elementor-element-52d472b8 elementor-widget elementor-widget-image\" data-id=\"52d472b8\" data-element_type=\"widget\" data-widget_type=\"image.default\">\n\t\t\t\t<div class=\"elementor-widget-container\">\n\t\t\t<style>\/*! elementor - v3.18.0 - 20-12-2023 *\/\n.elementor-widget-image{text-align:center}.elementor-widget-image a{display:inline-block}.elementor-widget-image a img[src$=\".svg\"]{width:48px}.elementor-widget-image img{vertical-align:middle;display:inline-block}<\/style>\t\t\t\t\t\t\t\t\t\t\t\t\t<a href=\"https:\/\/uralmaksan.com\/wp-content\/uploads\/2023\/01\/48.webp\" data-elementor-open-lightbox=\"yes\" data-elementor-lightbox-title=\"48.webp\" data-e-action-hash=\"#elementor-action%3Aaction%3Dlightbox%26settings%3DeyJpZCI6MTEzOTIsInVybCI6Imh0dHBzOlwvXC91cmFsbWFrc2FuLmNvbVwvd3AtY29udGVudFwvdXBsb2Fkc1wvMjAyM1wvMDFcLzQ4LndlYnAifQ%3D%3D\">\n\t\t\t\t\t\t\t<img fetchpriority=\"high\" decoding=\"async\" width=\"700\" height=\"700\" src=\"https:\/\/uralmaksan.com\/wp-content\/uploads\/2023\/01\/48.webp\" class=\"attachment-full size-full wp-image-11392\" alt=\"\" srcset=\"https:\/\/uralmaksan.com\/wp-content\/uploads\/2023\/01\/48.webp 700w, https:\/\/uralmaksan.com\/wp-content\/uploads\/2023\/01\/48-430x430.webp 430w, https:\/\/uralmaksan.com\/wp-content\/uploads\/2023\/01\/48-300x300.webp 300w, https:\/\/uralmaksan.com\/wp-content\/uploads\/2023\/01\/48-150x150.webp 150w\" sizes=\"(max-width: 700px) 100vw, 700px\" \/>\t\t\t\t\t\t\t\t<\/a>\n\t\t\t\t\t\t\t\t\t\t\t\t\t\t\t<\/div>\n\t\t\t\t<\/div>\n\t\t\t\t\t<\/div>\n\t\t<\/div>\n\t\t\t\t<div class=\"elementor-column elementor-col-33 elementor-top-column elementor-element elementor-element-4efe1cc1\" data-id=\"4efe1cc1\" data-element_type=\"column\">\n\t\t\t<div class=\"elementor-widget-wrap elementor-element-populated\">\n\t\t\t\t\t\t\t\t<div class=\"elementor-element elementor-element-7232505d elementor-widget elementor-widget-image\" data-id=\"7232505d\" data-element_type=\"widget\" data-widget_type=\"image.default\">\n\t\t\t\t<div class=\"elementor-widget-container\">\n\t\t\t\t\t\t\t\t\t\t\t\t\t\t\t\t<a href=\"https:\/\/uralmaksan.com\/wp-content\/uploads\/2023\/01\/51.webp\" data-elementor-open-lightbox=\"yes\" data-elementor-lightbox-title=\"51.webp\" data-e-action-hash=\"#elementor-action%3Aaction%3Dlightbox%26settings%3DeyJpZCI6MTEzOTQsInVybCI6Imh0dHBzOlwvXC91cmFsbWFrc2FuLmNvbVwvd3AtY29udGVudFwvdXBsb2Fkc1wvMjAyM1wvMDFcLzUxLndlYnAifQ%3D%3D\">\n\t\t\t\t\t\t\t<img decoding=\"async\" width=\"700\" height=\"700\" src=\"https:\/\/uralmaksan.com\/wp-content\/uploads\/2023\/01\/51.webp\" class=\"attachment-full size-full wp-image-11394\" alt=\"\" srcset=\"https:\/\/uralmaksan.com\/wp-content\/uploads\/2023\/01\/51.webp 700w, https:\/\/uralmaksan.com\/wp-content\/uploads\/2023\/01\/51-430x430.webp 430w, https:\/\/uralmaksan.com\/wp-content\/uploads\/2023\/01\/51-300x300.webp 300w, https:\/\/uralmaksan.com\/wp-content\/uploads\/2023\/01\/51-150x150.webp 150w\" sizes=\"(max-width: 700px) 100vw, 700px\" \/>\t\t\t\t\t\t\t\t<\/a>\n\t\t\t\t\t\t\t\t\t\t\t\t\t\t\t<\/div>\n\t\t\t\t<\/div>\n\t\t\t\t\t<\/div>\n\t\t<\/div>\n\t\t\t\t<div class=\"elementor-column elementor-col-33 elementor-top-column elementor-element elementor-element-4122c8e1\" data-id=\"4122c8e1\" data-element_type=\"column\">\n\t\t\t<div class=\"elementor-widget-wrap elementor-element-populated\">\n\t\t\t\t\t\t\t\t<div class=\"elementor-element elementor-element-72d204ce elementor-widget elementor-widget-image\" data-id=\"72d204ce\" data-element_type=\"widget\" data-widget_type=\"image.default\">\n\t\t\t\t<div class=\"elementor-widget-container\">\n\t\t\t\t\t\t\t\t\t\t\t\t\t\t\t\t<a href=\"https:\/\/uralmaksan.com\/wp-content\/uploads\/2023\/01\/61.webp\" data-elementor-open-lightbox=\"yes\" data-elementor-lightbox-title=\"61.webp\" data-e-action-hash=\"#elementor-action%3Aaction%3Dlightbox%26settings%3DeyJpZCI6MTEzOTYsInVybCI6Imh0dHBzOlwvXC91cmFsbWFrc2FuLmNvbVwvd3AtY29udGVudFwvdXBsb2Fkc1wvMjAyM1wvMDFcLzYxLndlYnAifQ%3D%3D\">\n\t\t\t\t\t\t\t<img decoding=\"async\" width=\"700\" height=\"700\" src=\"https:\/\/uralmaksan.com\/wp-content\/uploads\/2023\/01\/61.webp\" class=\"attachment-full size-full wp-image-11396\" alt=\"\" srcset=\"https:\/\/uralmaksan.com\/wp-content\/uploads\/2023\/01\/61.webp 700w, https:\/\/uralmaksan.com\/wp-content\/uploads\/2023\/01\/61-430x430.webp 430w, https:\/\/uralmaksan.com\/wp-content\/uploads\/2023\/01\/61-300x300.webp 300w, https:\/\/uralmaksan.com\/wp-content\/uploads\/2023\/01\/61-150x150.webp 150w\" sizes=\"(max-width: 700px) 100vw, 700px\" \/>\t\t\t\t\t\t\t\t<\/a>\n\t\t\t\t\t\t\t\t\t\t\t\t\t\t\t<\/div>\n\t\t\t\t<\/div>\n\t\t\t\t\t<\/div>\n\t\t<\/div>\n\t\t\t\t\t\t\t<\/div>\n\t\t<\/section>\n\t\t\t\t<section class=\"wd-negative-gap elementor-section elementor-top-section elementor-element elementor-element-72814b9f elementor-section-boxed elementor-section-height-default elementor-section-height-default wd-section-disabled\" data-id=\"72814b9f\" data-element_type=\"section\">\n\t\t\t\t\t\t<div class=\"elementor-container elementor-column-gap-default\">\n\t\t\t\t\t<div class=\"elementor-column elementor-col-33 elementor-top-column elementor-element elementor-element-7a9be9ee\" data-id=\"7a9be9ee\" data-element_type=\"column\">\n\t\t\t<div class=\"elementor-widget-wrap elementor-element-populated\">\n\t\t\t\t\t\t\t\t<div class=\"elementor-element elementor-element-3d209584 elementor-widget elementor-widget-image\" data-id=\"3d209584\" data-element_type=\"widget\" data-widget_type=\"image.default\">\n\t\t\t\t<div class=\"elementor-widget-container\">\n\t\t\t\t\t\t\t\t\t\t\t\t\t\t\t\t<a href=\"https:\/\/uralmaksan.com\/wp-content\/uploads\/2023\/01\/55.webp\" data-elementor-open-lightbox=\"yes\" data-elementor-lightbox-title=\"55.webp\" data-e-action-hash=\"#elementor-action%3Aaction%3Dlightbox%26settings%3DeyJpZCI6MTEzOTgsInVybCI6Imh0dHBzOlwvXC91cmFsbWFrc2FuLmNvbVwvd3AtY29udGVudFwvdXBsb2Fkc1wvMjAyM1wvMDFcLzU1LndlYnAifQ%3D%3D\">\n\t\t\t\t\t\t\t<img loading=\"lazy\" decoding=\"async\" width=\"700\" height=\"700\" src=\"https:\/\/uralmaksan.com\/wp-content\/uploads\/2023\/01\/55.webp\" class=\"attachment-full size-full wp-image-11398\" alt=\"\" srcset=\"https:\/\/uralmaksan.com\/wp-content\/uploads\/2023\/01\/55.webp 700w, https:\/\/uralmaksan.com\/wp-content\/uploads\/2023\/01\/55-430x430.webp 430w, https:\/\/uralmaksan.com\/wp-content\/uploads\/2023\/01\/55-300x300.webp 300w, https:\/\/uralmaksan.com\/wp-content\/uploads\/2023\/01\/55-150x150.webp 150w\" sizes=\"(max-width: 700px) 100vw, 700px\" \/>\t\t\t\t\t\t\t\t<\/a>\n\t\t\t\t\t\t\t\t\t\t\t\t\t\t\t<\/div>\n\t\t\t\t<\/div>\n\t\t\t\t\t<\/div>\n\t\t<\/div>\n\t\t\t\t<div class=\"elementor-column elementor-col-33 elementor-top-column elementor-element elementor-element-2e98dd3b\" data-id=\"2e98dd3b\" data-element_type=\"column\">\n\t\t\t<div class=\"elementor-widget-wrap elementor-element-populated\">\n\t\t\t\t\t\t\t\t<div class=\"elementor-element elementor-element-4b7eb8d4 elementor-widget elementor-widget-image\" data-id=\"4b7eb8d4\" data-element_type=\"widget\" data-widget_type=\"image.default\">\n\t\t\t\t<div class=\"elementor-widget-container\">\n\t\t\t\t\t\t\t\t\t\t\t\t\t\t\t\t<a href=\"https:\/\/uralmaksan.com\/wp-content\/uploads\/2023\/01\/52.webp\" data-elementor-open-lightbox=\"yes\" data-elementor-lightbox-title=\"52.webp\" data-e-action-hash=\"#elementor-action%3Aaction%3Dlightbox%26settings%3DeyJpZCI6MTE0MDAsInVybCI6Imh0dHBzOlwvXC91cmFsbWFrc2FuLmNvbVwvd3AtY29udGVudFwvdXBsb2Fkc1wvMjAyM1wvMDFcLzUyLndlYnAifQ%3D%3D\">\n\t\t\t\t\t\t\t<img loading=\"lazy\" decoding=\"async\" width=\"700\" height=\"700\" src=\"https:\/\/uralmaksan.com\/wp-content\/uploads\/2023\/01\/52.webp\" class=\"attachment-full size-full wp-image-11400\" alt=\"\" srcset=\"https:\/\/uralmaksan.com\/wp-content\/uploads\/2023\/01\/52.webp 700w, https:\/\/uralmaksan.com\/wp-content\/uploads\/2023\/01\/52-430x430.webp 430w, https:\/\/uralmaksan.com\/wp-content\/uploads\/2023\/01\/52-300x300.webp 300w, https:\/\/uralmaksan.com\/wp-content\/uploads\/2023\/01\/52-150x150.webp 150w\" sizes=\"(max-width: 700px) 100vw, 700px\" \/>\t\t\t\t\t\t\t\t<\/a>\n\t\t\t\t\t\t\t\t\t\t\t\t\t\t\t<\/div>\n\t\t\t\t<\/div>\n\t\t\t\t\t<\/div>\n\t\t<\/div>\n\t\t\t\t<div class=\"elementor-column elementor-col-33 elementor-top-column elementor-element elementor-element-1635d673\" data-id=\"1635d673\" data-element_type=\"column\">\n\t\t\t<div class=\"elementor-widget-wrap elementor-element-populated\">\n\t\t\t\t\t\t\t\t<div class=\"elementor-element elementor-element-5fc04a1f elementor-widget elementor-widget-image\" data-id=\"5fc04a1f\" data-element_type=\"widget\" data-widget_type=\"image.default\">\n\t\t\t\t<div class=\"elementor-widget-container\">\n\t\t\t\t\t\t\t\t\t\t\t\t\t\t\t\t<a href=\"https:\/\/uralmaksan.com\/wp-content\/uploads\/2023\/01\/54.webp\" data-elementor-open-lightbox=\"yes\" data-elementor-lightbox-title=\"54.webp\" data-e-action-hash=\"#elementor-action%3Aaction%3Dlightbox%26settings%3DeyJpZCI6MTEzNDIsInVybCI6Imh0dHBzOlwvXC91cmFsbWFrc2FuLmNvbVwvd3AtY29udGVudFwvdXBsb2Fkc1wvMjAyM1wvMDFcLzU0LndlYnAifQ%3D%3D\">\n\t\t\t\t\t\t\t<img loading=\"lazy\" decoding=\"async\" width=\"700\" height=\"700\" src=\"https:\/\/uralmaksan.com\/wp-content\/uploads\/2023\/01\/54.webp\" class=\"attachment-full size-full wp-image-11342\" alt=\"\" srcset=\"https:\/\/uralmaksan.com\/wp-content\/uploads\/2023\/01\/54.webp 700w, https:\/\/uralmaksan.com\/wp-content\/uploads\/2023\/01\/54-430x430.webp 430w, https:\/\/uralmaksan.com\/wp-content\/uploads\/2023\/01\/54-300x300.webp 300w, https:\/\/uralmaksan.com\/wp-content\/uploads\/2023\/01\/54-150x150.webp 150w\" sizes=\"(max-width: 700px) 100vw, 700px\" \/>\t\t\t\t\t\t\t\t<\/a>\n\t\t\t\t\t\t\t\t\t\t\t\t\t\t\t<\/div>\n\t\t\t\t<\/div>\n\t\t\t\t\t<\/div>\n\t\t<\/div>\n\t\t\t\t\t\t\t<\/div>\n\t\t<\/section>\n\t\t\t\t\t\t\t<\/div>\n\t\t","protected":false},"excerpt":{"rendered":"","protected":false},"author":1,"featured_media":0,"parent":0,"menu_order":0,"comment_status":"closed","ping_status":"closed","template":"","meta":{"footnotes":""},"class_list":["post-12156","page","type-page","status-publish","hentry"],"yoast_head":"<!-- This site is optimized with the Yoast SEO plugin v21.8 - https:\/\/yoast.com\/wordpress\/plugins\/seo\/ -->\n<title>PP Seperat\u00f6rler | End\u00fcstriyel Ta\u015f\u0131ma ve Paketleme | Uralmaksan<\/title>\n<meta name=\"description\" content=\"D\u00fcnyan\u0131n \u00f6nde gelen \u00fcreticilerine uzun y\u0131llard\u0131r PP Seperat\u00f6rler alan\u0131nda hizmet veriyor, \u00fcr\u00fcnlerimizi gururla ihra\u00e7 ediyoruz.\" \/>\n<meta name=\"robots\" content=\"index, follow, max-snippet:-1, max-image-preview:large, max-video-preview:-1\" \/>\n<link rel=\"canonical\" href=\"https:\/\/uralmaksan.com\/tr\/pp-seperatorler\/\" \/>\n<meta property=\"og:locale\" content=\"tr_TR\" \/>\n<meta property=\"og:type\" content=\"article\" \/>\n<meta property=\"og:title\" content=\"PP Seperat\u00f6rler | End\u00fcstriyel Ta\u015f\u0131ma ve Paketleme | Uralmaksan\" \/>\n<meta property=\"og:description\" content=\"D\u00fcnyan\u0131n \u00f6nde gelen \u00fcreticilerine uzun y\u0131llard\u0131r PP Seperat\u00f6rler alan\u0131nda hizmet veriyor, \u00fcr\u00fcnlerimizi gururla ihra\u00e7 ediyoruz.\" \/>\n<meta property=\"og:url\" content=\"https:\/\/uralmaksan.com\/tr\/pp-seperatorler\/\" \/>\n<meta property=\"og:site_name\" content=\"Uralmaksan\" \/>\n<meta property=\"article:modified_time\" content=\"2023-03-03T07:58:19+00:00\" \/>\n<meta property=\"og:image\" content=\"https:\/\/uralmaksan.com\/wp-content\/uploads\/2023\/01\/48.webp\" \/>\n<meta name=\"twitter:card\" content=\"summary_large_image\" \/>\n<meta name=\"twitter:label1\" content=\"Tahmini okuma s\u00fcresi\" \/>\n\t<meta name=\"twitter:data1\" content=\"2 dakika\" \/>\n<script type=\"application\/ld+json\" class=\"yoast-schema-graph\">{\"@context\":\"https:\/\/schema.org\",\"@graph\":[{\"@type\":\"WebPage\",\"@id\":\"https:\/\/uralmaksan.com\/tr\/pp-seperatorler\/\",\"url\":\"https:\/\/uralmaksan.com\/tr\/pp-seperatorler\/\",\"name\":\"PP Seperat\u00f6rler | End\u00fcstriyel Ta\u015f\u0131ma ve Paketleme | Uralmaksan\",\"isPartOf\":{\"@id\":\"https:\/\/uralmaksan.com\/#website\"},\"datePublished\":\"2023-01-19T14:53:15+00:00\",\"dateModified\":\"2023-03-03T07:58:19+00:00\",\"description\":\"D\u00fcnyan\u0131n \u00f6nde gelen \u00fcreticilerine uzun y\u0131llard\u0131r PP Seperat\u00f6rler alan\u0131nda hizmet veriyor, \u00fcr\u00fcnlerimizi gururla ihra\u00e7 ediyoruz.\",\"breadcrumb\":{\"@id\":\"https:\/\/uralmaksan.com\/tr\/pp-seperatorler\/#breadcrumb\"},\"inLanguage\":\"tr\",\"potentialAction\":[{\"@type\":\"ReadAction\",\"target\":[\"https:\/\/uralmaksan.com\/tr\/pp-seperatorler\/\"]}]},{\"@type\":\"BreadcrumbList\",\"@id\":\"https:\/\/uralmaksan.com\/tr\/pp-seperatorler\/#breadcrumb\",\"itemListElement\":[{\"@type\":\"ListItem\",\"position\":1,\"name\":\"Home\",\"item\":\"https:\/\/uralmaksan.com\/\"},{\"@type\":\"ListItem\",\"position\":2,\"name\":\"PP Seperat\u00f6rler\"}]},{\"@type\":\"WebSite\",\"@id\":\"https:\/\/uralmaksan.com\/#website\",\"url\":\"https:\/\/uralmaksan.com\/\",\"name\":\"Uralmaksan\",\"description\":\"Uralmaksan\",\"publisher\":{\"@id\":\"https:\/\/uralmaksan.com\/#organization\"},\"potentialAction\":[{\"@type\":\"SearchAction\",\"target\":{\"@type\":\"EntryPoint\",\"urlTemplate\":\"https:\/\/uralmaksan.com\/?s={search_term_string}\"},\"query-input\":\"required name=search_term_string\"}],\"inLanguage\":\"tr\"},{\"@type\":\"Organization\",\"@id\":\"https:\/\/uralmaksan.com\/#organization\",\"name\":\"Uralmaksan\",\"url\":\"https:\/\/uralmaksan.com\/\",\"logo\":{\"@type\":\"ImageObject\",\"inLanguage\":\"tr\",\"@id\":\"https:\/\/uralmaksan.com\/#\/schema\/logo\/image\/\",\"url\":\"https:\/\/uralmaksan.com\/wp-content\/uploads\/2023\/01\/uralmaksan-logo.png\",\"contentUrl\":\"https:\/\/uralmaksan.com\/wp-content\/uploads\/2023\/01\/uralmaksan-logo.png\",\"width\":4384,\"height\":559,\"caption\":\"Uralmaksan\"},\"image\":{\"@id\":\"https:\/\/uralmaksan.com\/#\/schema\/logo\/image\/\"}}]}<\/script>\n<!-- \/ Yoast SEO plugin. -->","yoast_head_json":{"title":"PP Seperat\u00f6rler | End\u00fcstriyel Ta\u015f\u0131ma ve Paketleme | Uralmaksan","description":"D\u00fcnyan\u0131n \u00f6nde gelen \u00fcreticilerine uzun y\u0131llard\u0131r PP Seperat\u00f6rler alan\u0131nda hizmet veriyor, \u00fcr\u00fcnlerimizi gururla ihra\u00e7 ediyoruz.","robots":{"index":"index","follow":"follow","max-snippet":"max-snippet:-1","max-image-preview":"max-image-preview:large","max-video-preview":"max-video-preview:-1"},"canonical":"https:\/\/uralmaksan.com\/tr\/pp-seperatorler\/","og_locale":"tr_TR","og_type":"article","og_title":"PP Seperat\u00f6rler | End\u00fcstriyel Ta\u015f\u0131ma ve Paketleme | Uralmaksan","og_description":"D\u00fcnyan\u0131n \u00f6nde gelen \u00fcreticilerine uzun y\u0131llard\u0131r PP Seperat\u00f6rler alan\u0131nda hizmet veriyor, \u00fcr\u00fcnlerimizi gururla ihra\u00e7 ediyoruz.","og_url":"https:\/\/uralmaksan.com\/tr\/pp-seperatorler\/","og_site_name":"Uralmaksan","article_modified_time":"2023-03-03T07:58:19+00:00","og_image":[{"url":"https:\/\/uralmaksan.com\/wp-content\/uploads\/2023\/01\/48.webp"}],"twitter_card":"summary_large_image","twitter_misc":{"Tahmini okuma s\u00fcresi":"2 dakika"},"schema":{"@context":"https:\/\/schema.org","@graph":[{"@type":"WebPage","@id":"https:\/\/uralmaksan.com\/tr\/pp-seperatorler\/","url":"https:\/\/uralmaksan.com\/tr\/pp-seperatorler\/","name":"PP Seperat\u00f6rler | End\u00fcstriyel Ta\u015f\u0131ma ve Paketleme | Uralmaksan","isPartOf":{"@id":"https:\/\/uralmaksan.com\/#website"},"datePublished":"2023-01-19T14:53:15+00:00","dateModified":"2023-03-03T07:58:19+00:00","description":"D\u00fcnyan\u0131n \u00f6nde gelen \u00fcreticilerine uzun y\u0131llard\u0131r PP Seperat\u00f6rler alan\u0131nda hizmet veriyor, \u00fcr\u00fcnlerimizi gururla ihra\u00e7 ediyoruz.","breadcrumb":{"@id":"https:\/\/uralmaksan.com\/tr\/pp-seperatorler\/#breadcrumb"},"inLanguage":"tr","potentialAction":[{"@type":"ReadAction","target":["https:\/\/uralmaksan.com\/tr\/pp-seperatorler\/"]}]},{"@type":"BreadcrumbList","@id":"https:\/\/uralmaksan.com\/tr\/pp-seperatorler\/#breadcrumb","itemListElement":[{"@type":"ListItem","position":1,"name":"Home","item":"https:\/\/uralmaksan.com\/"},{"@type":"ListItem","position":2,"name":"PP Seperat\u00f6rler"}]},{"@type":"WebSite","@id":"https:\/\/uralmaksan.com\/#website","url":"https:\/\/uralmaksan.com\/","name":"Uralmaksan","description":"Uralmaksan","publisher":{"@id":"https:\/\/uralmaksan.com\/#organization"},"potentialAction":[{"@type":"SearchAction","target":{"@type":"EntryPoint","urlTemplate":"https:\/\/uralmaksan.com\/?s={search_term_string}"},"query-input":"required name=search_term_string"}],"inLanguage":"tr"},{"@type":"Organization","@id":"https:\/\/uralmaksan.com\/#organization","name":"Uralmaksan","url":"https:\/\/uralmaksan.com\/","logo":{"@type":"ImageObject","inLanguage":"tr","@id":"https:\/\/uralmaksan.com\/#\/schema\/logo\/image\/","url":"https:\/\/uralmaksan.com\/wp-content\/uploads\/2023\/01\/uralmaksan-logo.png","contentUrl":"https:\/\/uralmaksan.com\/wp-content\/uploads\/2023\/01\/uralmaksan-logo.png","width":4384,"height":559,"caption":"Uralmaksan"},"image":{"@id":"https:\/\/uralmaksan.com\/#\/schema\/logo\/image\/"}}]}},"_links":{"self":[{"href":"https:\/\/uralmaksan.com\/tr\/wp-json\/wp\/v2\/pages\/12156","targetHints":{"allow":["GET"]}}],"collection":[{"href":"https:\/\/uralmaksan.com\/tr\/wp-json\/wp\/v2\/pages"}],"about":[{"href":"https:\/\/uralmaksan.com\/tr\/wp-json\/wp\/v2\/types\/page"}],"author":[{"embeddable":true,"href":"https:\/\/uralmaksan.com\/tr\/wp-json\/wp\/v2\/users\/1"}],"replies":[{"embeddable":true,"href":"https:\/\/uralmaksan.com\/tr\/wp-json\/wp\/v2\/comments?post=12156"}],"version-history":[{"count":2,"href":"https:\/\/uralmaksan.com\/tr\/wp-json\/wp\/v2\/pages\/12156\/revisions"}],"predecessor-version":[{"id":12240,"href":"https:\/\/uralmaksan.com\/tr\/wp-json\/wp\/v2\/pages\/12156\/revisions\/12240"}],"wp:attachment":[{"href":"https:\/\/uralmaksan.com\/tr\/wp-json\/wp\/v2\/media?parent=12156"}],"curies":[{"name":"wp","href":"https:\/\/api.w.org\/{rel}","templated":true}]}}