{"id":12158,"date":"2023-01-19T14:53:21","date_gmt":"2023-01-19T14:53:21","guid":{"rendered":"https:\/\/gokayyilmaz.com\/standart-ve-katlanir-paletler\/"},"modified":"2023-03-03T07:59:20","modified_gmt":"2023-03-03T07:59:20","slug":"standart-ve-katlanir-paletler","status":"publish","type":"page","link":"https:\/\/uralmaksan.com\/tr\/standart-ve-katlanir-paletler\/","title":{"rendered":"Standart ve Katlan\u0131r Paletler"},"content":{"rendered":"\t\t<div data-elementor-type=\"wp-page\" data-elementor-id=\"12158\" class=\"elementor elementor-12158 elementor-11441\">\n\t\t\t\t\t\t\t\t\t<section class=\"wd-negative-gap elementor-section elementor-top-section elementor-element elementor-element-652b16a1 elementor-section-boxed elementor-section-height-default elementor-section-height-default wd-section-disabled\" data-id=\"652b16a1\" data-element_type=\"section\">\n\t\t\t\t\t\t<div class=\"elementor-container elementor-column-gap-default\">\n\t\t\t\t\t<div class=\"elementor-column elementor-col-100 elementor-top-column elementor-element elementor-element-6a5912db\" data-id=\"6a5912db\" data-element_type=\"column\">\n\t\t\t<div class=\"elementor-widget-wrap elementor-element-populated\">\n\t\t\t\t\t\t\t\t<div class=\"elementor-element elementor-element-70ef6efc color-scheme-inherit text-left elementor-widget elementor-widget-text-editor\" data-id=\"70ef6efc\" data-element_type=\"widget\" data-widget_type=\"text-editor.default\">\n\t\t\t\t<div class=\"elementor-widget-container\">\n\t\t\t<style>\/*! elementor - v3.18.0 - 20-12-2023 *\/\n.elementor-widget-text-editor.elementor-drop-cap-view-stacked .elementor-drop-cap{background-color:#69727d;color:#fff}.elementor-widget-text-editor.elementor-drop-cap-view-framed .elementor-drop-cap{color:#69727d;border:3px solid;background-color:transparent}.elementor-widget-text-editor:not(.elementor-drop-cap-view-default) .elementor-drop-cap{margin-top:8px}.elementor-widget-text-editor:not(.elementor-drop-cap-view-default) .elementor-drop-cap-letter{width:1em;height:1em}.elementor-widget-text-editor .elementor-drop-cap{float:left;text-align:center;line-height:1;font-size:50px}.elementor-widget-text-editor .elementor-drop-cap-letter{display:inline-block}<\/style>\t\t\t\t<p>\u00dcr\u00fcnleriniz i\u00e7in \u00f6zel olarak \u00fcretilen, g\u00fcvenli ve sa\u011fl\u0131kl\u0131 <strong>Standart ve Katlan\u0131r paletler<\/strong><\/p>\n\t\t\t\t\t\t<\/div>\n\t\t\t\t<\/div>\n\t\t\t\t\t<\/div>\n\t\t<\/div>\n\t\t\t\t\t\t\t<\/div>\n\t\t<\/section>\n\t\t\t\t<section class=\"wd-negative-gap elementor-section elementor-top-section elementor-element elementor-element-44f58b35 elementor-section-boxed elementor-section-height-default elementor-section-height-default wd-section-disabled\" data-id=\"44f58b35\" data-element_type=\"section\">\n\t\t\t\t\t\t<div class=\"elementor-container elementor-column-gap-default\">\n\t\t\t\t\t<div class=\"elementor-column elementor-col-33 elementor-top-column elementor-element elementor-element-475be75b\" data-id=\"475be75b\" data-element_type=\"column\">\n\t\t\t<div class=\"elementor-widget-wrap elementor-element-populated\">\n\t\t\t\t\t\t\t\t<div class=\"elementor-element elementor-element-724a94db elementor-widget elementor-widget-image\" data-id=\"724a94db\" data-element_type=\"widget\" data-widget_type=\"image.default\">\n\t\t\t\t<div class=\"elementor-widget-container\">\n\t\t\t<style>\/*! elementor - v3.18.0 - 20-12-2023 *\/\n.elementor-widget-image{text-align:center}.elementor-widget-image a{display:inline-block}.elementor-widget-image a img[src$=\".svg\"]{width:48px}.elementor-widget-image img{vertical-align:middle;display:inline-block}<\/style>\t\t\t\t\t\t\t\t\t\t\t\t\t<a href=\"https:\/\/uralmaksan.com\/wp-content\/uploads\/2023\/01\/model1.gif\" data-elementor-open-lightbox=\"yes\" data-elementor-lightbox-title=\"model1.gif\" data-e-action-hash=\"#elementor-action%3Aaction%3Dlightbox%26settings%3DeyJpZCI6MTE0NDMsInVybCI6Imh0dHBzOlwvXC91cmFsbWFrc2FuLmNvbVwvd3AtY29udGVudFwvdXBsb2Fkc1wvMjAyM1wvMDFcL21vZGVsMS5naWYifQ%3D%3D\">\n\t\t\t\t\t\t\t<img fetchpriority=\"high\" decoding=\"async\" width=\"700\" height=\"700\" src=\"https:\/\/uralmaksan.com\/wp-content\/uploads\/2023\/01\/model1.gif\" class=\"attachment-full size-full wp-image-11443\" alt=\"\" \/>\t\t\t\t\t\t\t\t<\/a>\n\t\t\t\t\t\t\t\t\t\t\t\t\t\t\t<\/div>\n\t\t\t\t<\/div>\n\t\t\t\t\t<\/div>\n\t\t<\/div>\n\t\t\t\t<div class=\"elementor-column elementor-col-33 elementor-top-column elementor-element elementor-element-133fc273\" data-id=\"133fc273\" data-element_type=\"column\">\n\t\t\t<div class=\"elementor-widget-wrap elementor-element-populated\">\n\t\t\t\t\t\t\t\t<div class=\"elementor-element elementor-element-10de3a9e elementor-widget elementor-widget-image\" data-id=\"10de3a9e\" data-element_type=\"widget\" data-widget_type=\"image.default\">\n\t\t\t\t<div class=\"elementor-widget-container\">\n\t\t\t\t\t\t\t\t\t\t\t\t\t\t\t\t<a href=\"https:\/\/uralmaksan.com\/wp-content\/uploads\/2023\/01\/118-1.gif\" data-elementor-open-lightbox=\"yes\" data-elementor-lightbox-title=\"118.gif\" data-e-action-hash=\"#elementor-action%3Aaction%3Dlightbox%26settings%3DeyJpZCI6MTE0NDUsInVybCI6Imh0dHBzOlwvXC91cmFsbWFrc2FuLmNvbVwvd3AtY29udGVudFwvdXBsb2Fkc1wvMjAyM1wvMDFcLzExOC0xLmdpZiJ9\">\n\t\t\t\t\t\t\t<img decoding=\"async\" width=\"700\" height=\"700\" src=\"https:\/\/uralmaksan.com\/wp-content\/uploads\/2023\/01\/118-1.gif\" class=\"attachment-full size-full wp-image-11445\" alt=\"\" \/>\t\t\t\t\t\t\t\t<\/a>\n\t\t\t\t\t\t\t\t\t\t\t\t\t\t\t<\/div>\n\t\t\t\t<\/div>\n\t\t\t\t\t<\/div>\n\t\t<\/div>\n\t\t\t\t<div class=\"elementor-column elementor-col-33 elementor-top-column elementor-element elementor-element-751d5394\" data-id=\"751d5394\" data-element_type=\"column\">\n\t\t\t<div class=\"elementor-widget-wrap elementor-element-populated\">\n\t\t\t\t\t\t\t\t<div class=\"elementor-element elementor-element-3fa4f261 elementor-widget elementor-widget-image\" data-id=\"3fa4f261\" data-element_type=\"widget\" data-widget_type=\"image.default\">\n\t\t\t\t<div class=\"elementor-widget-container\">\n\t\t\t\t\t\t\t\t\t\t\t\t\t\t\t\t<a href=\"https:\/\/uralmaksan.com\/wp-content\/uploads\/2023\/01\/124-1.gif\" data-elementor-open-lightbox=\"yes\" data-elementor-lightbox-title=\"124.gif\" data-e-action-hash=\"#elementor-action%3Aaction%3Dlightbox%26settings%3DeyJpZCI6MTE0NDcsInVybCI6Imh0dHBzOlwvXC91cmFsbWFrc2FuLmNvbVwvd3AtY29udGVudFwvdXBsb2Fkc1wvMjAyM1wvMDFcLzEyNC0xLmdpZiJ9\">\n\t\t\t\t\t\t\t<img decoding=\"async\" width=\"700\" height=\"700\" src=\"https:\/\/uralmaksan.com\/wp-content\/uploads\/2023\/01\/124-1.gif\" class=\"attachment-full size-full wp-image-11447\" alt=\"\" \/>\t\t\t\t\t\t\t\t<\/a>\n\t\t\t\t\t\t\t\t\t\t\t\t\t\t\t<\/div>\n\t\t\t\t<\/div>\n\t\t\t\t\t<\/div>\n\t\t<\/div>\n\t\t\t\t\t\t\t<\/div>\n\t\t<\/section>\n\t\t\t\t<section class=\"wd-negative-gap elementor-section elementor-top-section elementor-element elementor-element-30309d12 elementor-section-boxed elementor-section-height-default elementor-section-height-default wd-section-disabled\" data-id=\"30309d12\" data-element_type=\"section\">\n\t\t\t\t\t\t<div class=\"elementor-container elementor-column-gap-default\">\n\t\t\t\t\t<div class=\"elementor-column elementor-col-33 elementor-top-column elementor-element elementor-element-7a909f4a\" data-id=\"7a909f4a\" data-element_type=\"column\">\n\t\t\t<div class=\"elementor-widget-wrap elementor-element-populated\">\n\t\t\t\t\t\t\t\t<div class=\"elementor-element elementor-element-46af0f03 elementor-widget elementor-widget-image\" data-id=\"46af0f03\" data-element_type=\"widget\" data-widget_type=\"image.default\">\n\t\t\t\t<div class=\"elementor-widget-container\">\n\t\t\t\t\t\t\t\t\t\t\t\t\t\t\t\t<a href=\"https:\/\/uralmaksan.com\/wp-content\/uploads\/2023\/01\/9_176-1.webp\" data-elementor-open-lightbox=\"yes\" data-elementor-lightbox-title=\"9_176.webp\" data-e-action-hash=\"#elementor-action%3Aaction%3Dlightbox%26settings%3DeyJpZCI6MTE0NDksInVybCI6Imh0dHBzOlwvXC91cmFsbWFrc2FuLmNvbVwvd3AtY29udGVudFwvdXBsb2Fkc1wvMjAyM1wvMDFcLzlfMTc2LTEud2VicCJ9\">\n\t\t\t\t\t\t\t<img loading=\"lazy\" decoding=\"async\" width=\"700\" height=\"700\" src=\"https:\/\/uralmaksan.com\/wp-content\/uploads\/2023\/01\/9_176-1.webp\" class=\"attachment-full size-full wp-image-11449\" alt=\"\" srcset=\"https:\/\/uralmaksan.com\/wp-content\/uploads\/2023\/01\/9_176-1.webp 700w, https:\/\/uralmaksan.com\/wp-content\/uploads\/2023\/01\/9_176-1-430x430.webp 430w, https:\/\/uralmaksan.com\/wp-content\/uploads\/2023\/01\/9_176-1-300x300.webp 300w, https:\/\/uralmaksan.com\/wp-content\/uploads\/2023\/01\/9_176-1-150x150.webp 150w\" sizes=\"(max-width: 700px) 100vw, 700px\" \/>\t\t\t\t\t\t\t\t<\/a>\n\t\t\t\t\t\t\t\t\t\t\t\t\t\t\t<\/div>\n\t\t\t\t<\/div>\n\t\t\t\t\t<\/div>\n\t\t<\/div>\n\t\t\t\t<div class=\"elementor-column elementor-col-33 elementor-top-column elementor-element elementor-element-73e6b047\" data-id=\"73e6b047\" data-element_type=\"column\">\n\t\t\t<div class=\"elementor-widget-wrap elementor-element-populated\">\n\t\t\t\t\t\t\t\t<div class=\"elementor-element elementor-element-4747c782 elementor-widget elementor-widget-image\" data-id=\"4747c782\" data-element_type=\"widget\" data-widget_type=\"image.default\">\n\t\t\t\t<div class=\"elementor-widget-container\">\n\t\t\t\t\t\t\t\t\t\t\t\t\t\t\t\t<a href=\"https:\/\/uralmaksan.com\/wp-content\/uploads\/2023\/01\/125-1.gif\" data-elementor-open-lightbox=\"yes\" data-elementor-lightbox-title=\"125.gif\" data-e-action-hash=\"#elementor-action%3Aaction%3Dlightbox%26settings%3DeyJpZCI6MTE0NTEsInVybCI6Imh0dHBzOlwvXC91cmFsbWFrc2FuLmNvbVwvd3AtY29udGVudFwvdXBsb2Fkc1wvMjAyM1wvMDFcLzEyNS0xLmdpZiJ9\">\n\t\t\t\t\t\t\t<img loading=\"lazy\" decoding=\"async\" width=\"700\" height=\"700\" src=\"https:\/\/uralmaksan.com\/wp-content\/uploads\/2023\/01\/125-1.gif\" class=\"attachment-full size-full wp-image-11451\" alt=\"\" \/>\t\t\t\t\t\t\t\t<\/a>\n\t\t\t\t\t\t\t\t\t\t\t\t\t\t\t<\/div>\n\t\t\t\t<\/div>\n\t\t\t\t\t<\/div>\n\t\t<\/div>\n\t\t\t\t<div class=\"elementor-column elementor-col-33 elementor-top-column elementor-element elementor-element-4e00ca17\" data-id=\"4e00ca17\" data-element_type=\"column\">\n\t\t\t<div class=\"elementor-widget-wrap elementor-element-populated\">\n\t\t\t\t\t\t\t\t<div class=\"elementor-element elementor-element-4988a810 elementor-widget elementor-widget-image\" data-id=\"4988a810\" data-element_type=\"widget\" data-widget_type=\"image.default\">\n\t\t\t\t<div class=\"elementor-widget-container\">\n\t\t\t\t\t\t\t\t\t\t\t\t\t\t\t\t<a href=\"https:\/\/uralmaksan.com\/wp-content\/uploads\/2023\/01\/model5.gif\" data-elementor-open-lightbox=\"yes\" data-elementor-lightbox-title=\"model5.gif\" data-e-action-hash=\"#elementor-action%3Aaction%3Dlightbox%26settings%3DeyJpZCI6MTE0NTMsInVybCI6Imh0dHBzOlwvXC91cmFsbWFrc2FuLmNvbVwvd3AtY29udGVudFwvdXBsb2Fkc1wvMjAyM1wvMDFcL21vZGVsNS5naWYifQ%3D%3D\">\n\t\t\t\t\t\t\t<img loading=\"lazy\" decoding=\"async\" width=\"700\" height=\"700\" src=\"https:\/\/uralmaksan.com\/wp-content\/uploads\/2023\/01\/model5.gif\" class=\"attachment-full size-full wp-image-11453\" alt=\"\" \/>\t\t\t\t\t\t\t\t<\/a>\n\t\t\t\t\t\t\t\t\t\t\t\t\t\t\t<\/div>\n\t\t\t\t<\/div>\n\t\t\t\t\t<\/div>\n\t\t<\/div>\n\t\t\t\t\t\t\t<\/div>\n\t\t<\/section>\n\t\t\t\t\t\t\t<\/div>\n\t\t","protected":false},"excerpt":{"rendered":"<p>\u00dcr\u00fcnleriniz i\u00e7in \u00f6zel olarak \u00fcretilen, g\u00fcvenli ve sa\u011fl\u0131kl\u0131 Standart ve Katlan\u0131r paletler<\/p>\n","protected":false},"author":1,"featured_media":0,"parent":0,"menu_order":0,"comment_status":"closed","ping_status":"closed","template":"","meta":{"footnotes":""},"class_list":["post-12158","page","type-page","status-publish","hentry"],"yoast_head":"<!-- This site is optimized with the Yoast SEO plugin v21.8 - https:\/\/yoast.com\/wordpress\/plugins\/seo\/ -->\n<title>Standart ve Katlan\u0131r Paletler | End\u00fcstriyel Ta\u015f\u0131ma ve Paketleme | Uralmaksan<\/title>\n<meta name=\"description\" content=\"D\u00fcnyan\u0131n \u00f6nde gelen \u00fcreticilerine uzun y\u0131llard\u0131r Standart ve Katlan\u0131r Paletler alan\u0131nda hizmet veriyor, \u00fcr\u00fcnlerimizi gururla ihra\u00e7 ediyoruz.\" \/>\n<meta name=\"robots\" content=\"index, follow, max-snippet:-1, max-image-preview:large, max-video-preview:-1\" \/>\n<link rel=\"canonical\" href=\"https:\/\/uralmaksan.com\/tr\/standart-ve-katlanir-paletler\/\" \/>\n<meta property=\"og:locale\" content=\"tr_TR\" \/>\n<meta property=\"og:type\" content=\"article\" \/>\n<meta property=\"og:title\" content=\"Standart ve Katlan\u0131r Paletler | End\u00fcstriyel Ta\u015f\u0131ma ve Paketleme | Uralmaksan\" \/>\n<meta property=\"og:description\" content=\"D\u00fcnyan\u0131n \u00f6nde gelen \u00fcreticilerine uzun y\u0131llard\u0131r Standart ve Katlan\u0131r Paletler alan\u0131nda hizmet veriyor, \u00fcr\u00fcnlerimizi gururla ihra\u00e7 ediyoruz.\" \/>\n<meta property=\"og:url\" content=\"https:\/\/uralmaksan.com\/tr\/standart-ve-katlanir-paletler\/\" \/>\n<meta property=\"og:site_name\" content=\"Uralmaksan\" \/>\n<meta property=\"article:modified_time\" content=\"2023-03-03T07:59:20+00:00\" \/>\n<meta property=\"og:image\" content=\"https:\/\/uralmaksan.com\/wp-content\/uploads\/2023\/01\/model1.gif\" \/>\n<meta name=\"twitter:card\" content=\"summary_large_image\" \/>\n<meta name=\"twitter:label1\" content=\"Tahmini okuma s\u00fcresi\" \/>\n\t<meta name=\"twitter:data1\" content=\"2 dakika\" \/>\n<script type=\"application\/ld+json\" class=\"yoast-schema-graph\">{\"@context\":\"https:\/\/schema.org\",\"@graph\":[{\"@type\":\"WebPage\",\"@id\":\"https:\/\/uralmaksan.com\/tr\/standart-ve-katlanir-paletler\/\",\"url\":\"https:\/\/uralmaksan.com\/tr\/standart-ve-katlanir-paletler\/\",\"name\":\"Standart ve Katlan\u0131r Paletler | End\u00fcstriyel Ta\u015f\u0131ma ve Paketleme | Uralmaksan\",\"isPartOf\":{\"@id\":\"https:\/\/uralmaksan.com\/#website\"},\"datePublished\":\"2023-01-19T14:53:21+00:00\",\"dateModified\":\"2023-03-03T07:59:20+00:00\",\"description\":\"D\u00fcnyan\u0131n \u00f6nde gelen \u00fcreticilerine uzun y\u0131llard\u0131r Standart ve Katlan\u0131r Paletler alan\u0131nda hizmet veriyor, \u00fcr\u00fcnlerimizi gururla ihra\u00e7 ediyoruz.\",\"breadcrumb\":{\"@id\":\"https:\/\/uralmaksan.com\/tr\/standart-ve-katlanir-paletler\/#breadcrumb\"},\"inLanguage\":\"tr\",\"potentialAction\":[{\"@type\":\"ReadAction\",\"target\":[\"https:\/\/uralmaksan.com\/tr\/standart-ve-katlanir-paletler\/\"]}]},{\"@type\":\"BreadcrumbList\",\"@id\":\"https:\/\/uralmaksan.com\/tr\/standart-ve-katlanir-paletler\/#breadcrumb\",\"itemListElement\":[{\"@type\":\"ListItem\",\"position\":1,\"name\":\"Home\",\"item\":\"https:\/\/uralmaksan.com\/\"},{\"@type\":\"ListItem\",\"position\":2,\"name\":\"Standart ve Katlan\u0131r Paletler\"}]},{\"@type\":\"WebSite\",\"@id\":\"https:\/\/uralmaksan.com\/#website\",\"url\":\"https:\/\/uralmaksan.com\/\",\"name\":\"Uralmaksan\",\"description\":\"Uralmaksan\",\"publisher\":{\"@id\":\"https:\/\/uralmaksan.com\/#organization\"},\"potentialAction\":[{\"@type\":\"SearchAction\",\"target\":{\"@type\":\"EntryPoint\",\"urlTemplate\":\"https:\/\/uralmaksan.com\/?s={search_term_string}\"},\"query-input\":\"required name=search_term_string\"}],\"inLanguage\":\"tr\"},{\"@type\":\"Organization\",\"@id\":\"https:\/\/uralmaksan.com\/#organization\",\"name\":\"Uralmaksan\",\"url\":\"https:\/\/uralmaksan.com\/\",\"logo\":{\"@type\":\"ImageObject\",\"inLanguage\":\"tr\",\"@id\":\"https:\/\/uralmaksan.com\/#\/schema\/logo\/image\/\",\"url\":\"https:\/\/uralmaksan.com\/wp-content\/uploads\/2023\/01\/uralmaksan-logo.png\",\"contentUrl\":\"https:\/\/uralmaksan.com\/wp-content\/uploads\/2023\/01\/uralmaksan-logo.png\",\"width\":4384,\"height\":559,\"caption\":\"Uralmaksan\"},\"image\":{\"@id\":\"https:\/\/uralmaksan.com\/#\/schema\/logo\/image\/\"}}]}<\/script>\n<!-- \/ Yoast SEO plugin. -->","yoast_head_json":{"title":"Standart ve Katlan\u0131r Paletler | End\u00fcstriyel Ta\u015f\u0131ma ve Paketleme | Uralmaksan","description":"D\u00fcnyan\u0131n \u00f6nde gelen \u00fcreticilerine uzun y\u0131llard\u0131r Standart ve Katlan\u0131r Paletler alan\u0131nda hizmet veriyor, \u00fcr\u00fcnlerimizi gururla ihra\u00e7 ediyoruz.","robots":{"index":"index","follow":"follow","max-snippet":"max-snippet:-1","max-image-preview":"max-image-preview:large","max-video-preview":"max-video-preview:-1"},"canonical":"https:\/\/uralmaksan.com\/tr\/standart-ve-katlanir-paletler\/","og_locale":"tr_TR","og_type":"article","og_title":"Standart ve Katlan\u0131r Paletler | End\u00fcstriyel Ta\u015f\u0131ma ve Paketleme | Uralmaksan","og_description":"D\u00fcnyan\u0131n \u00f6nde gelen \u00fcreticilerine uzun y\u0131llard\u0131r Standart ve Katlan\u0131r Paletler alan\u0131nda hizmet veriyor, \u00fcr\u00fcnlerimizi gururla ihra\u00e7 ediyoruz.","og_url":"https:\/\/uralmaksan.com\/tr\/standart-ve-katlanir-paletler\/","og_site_name":"Uralmaksan","article_modified_time":"2023-03-03T07:59:20+00:00","og_image":[{"url":"https:\/\/uralmaksan.com\/wp-content\/uploads\/2023\/01\/model1.gif"}],"twitter_card":"summary_large_image","twitter_misc":{"Tahmini okuma s\u00fcresi":"2 dakika"},"schema":{"@context":"https:\/\/schema.org","@graph":[{"@type":"WebPage","@id":"https:\/\/uralmaksan.com\/tr\/standart-ve-katlanir-paletler\/","url":"https:\/\/uralmaksan.com\/tr\/standart-ve-katlanir-paletler\/","name":"Standart ve Katlan\u0131r Paletler | End\u00fcstriyel Ta\u015f\u0131ma ve Paketleme | Uralmaksan","isPartOf":{"@id":"https:\/\/uralmaksan.com\/#website"},"datePublished":"2023-01-19T14:53:21+00:00","dateModified":"2023-03-03T07:59:20+00:00","description":"D\u00fcnyan\u0131n \u00f6nde gelen \u00fcreticilerine uzun y\u0131llard\u0131r Standart ve Katlan\u0131r Paletler alan\u0131nda hizmet veriyor, \u00fcr\u00fcnlerimizi gururla ihra\u00e7 ediyoruz.","breadcrumb":{"@id":"https:\/\/uralmaksan.com\/tr\/standart-ve-katlanir-paletler\/#breadcrumb"},"inLanguage":"tr","potentialAction":[{"@type":"ReadAction","target":["https:\/\/uralmaksan.com\/tr\/standart-ve-katlanir-paletler\/"]}]},{"@type":"BreadcrumbList","@id":"https:\/\/uralmaksan.com\/tr\/standart-ve-katlanir-paletler\/#breadcrumb","itemListElement":[{"@type":"ListItem","position":1,"name":"Home","item":"https:\/\/uralmaksan.com\/"},{"@type":"ListItem","position":2,"name":"Standart ve Katlan\u0131r Paletler"}]},{"@type":"WebSite","@id":"https:\/\/uralmaksan.com\/#website","url":"https:\/\/uralmaksan.com\/","name":"Uralmaksan","description":"Uralmaksan","publisher":{"@id":"https:\/\/uralmaksan.com\/#organization"},"potentialAction":[{"@type":"SearchAction","target":{"@type":"EntryPoint","urlTemplate":"https:\/\/uralmaksan.com\/?s={search_term_string}"},"query-input":"required name=search_term_string"}],"inLanguage":"tr"},{"@type":"Organization","@id":"https:\/\/uralmaksan.com\/#organization","name":"Uralmaksan","url":"https:\/\/uralmaksan.com\/","logo":{"@type":"ImageObject","inLanguage":"tr","@id":"https:\/\/uralmaksan.com\/#\/schema\/logo\/image\/","url":"https:\/\/uralmaksan.com\/wp-content\/uploads\/2023\/01\/uralmaksan-logo.png","contentUrl":"https:\/\/uralmaksan.com\/wp-content\/uploads\/2023\/01\/uralmaksan-logo.png","width":4384,"height":559,"caption":"Uralmaksan"},"image":{"@id":"https:\/\/uralmaksan.com\/#\/schema\/logo\/image\/"}}]}},"_links":{"self":[{"href":"https:\/\/uralmaksan.com\/tr\/wp-json\/wp\/v2\/pages\/12158","targetHints":{"allow":["GET"]}}],"collection":[{"href":"https:\/\/uralmaksan.com\/tr\/wp-json\/wp\/v2\/pages"}],"about":[{"href":"https:\/\/uralmaksan.com\/tr\/wp-json\/wp\/v2\/types\/page"}],"author":[{"embeddable":true,"href":"https:\/\/uralmaksan.com\/tr\/wp-json\/wp\/v2\/users\/1"}],"replies":[{"embeddable":true,"href":"https:\/\/uralmaksan.com\/tr\/wp-json\/wp\/v2\/comments?post=12158"}],"version-history":[{"count":2,"href":"https:\/\/uralmaksan.com\/tr\/wp-json\/wp\/v2\/pages\/12158\/revisions"}],"predecessor-version":[{"id":12243,"href":"https:\/\/uralmaksan.com\/tr\/wp-json\/wp\/v2\/pages\/12158\/revisions\/12243"}],"wp:attachment":[{"href":"https:\/\/uralmaksan.com\/tr\/wp-json\/wp\/v2\/media?parent=12158"}],"curies":[{"name":"wp","href":"https:\/\/api.w.org\/{rel}","templated":true}]}}