{"id":12166,"date":"2023-01-19T14:53:10","date_gmt":"2023-01-19T14:53:10","guid":{"rendered":"https:\/\/gokayyilmaz.com\/seperatorler\/"},"modified":"2023-03-03T07:59:01","modified_gmt":"2023-03-03T07:59:01","slug":"seperatorler","status":"publish","type":"page","link":"https:\/\/uralmaksan.com\/tr\/seperatorler\/","title":{"rendered":"Seperat\u00f6rler"},"content":{"rendered":"\t\t<div data-elementor-type=\"wp-page\" data-elementor-id=\"12166\" class=\"elementor elementor-12166 elementor-11340\">\n\t\t\t\t\t\t\t\t\t<section class=\"wd-negative-gap elementor-section elementor-top-section elementor-element elementor-element-9682459 elementor-section-boxed elementor-section-height-default elementor-section-height-default wd-section-disabled\" data-id=\"9682459\" data-element_type=\"section\">\n\t\t\t\t\t\t<div class=\"elementor-container elementor-column-gap-wider\">\n\t\t\t\t\t<div class=\"elementor-column elementor-col-33 elementor-top-column elementor-element elementor-element-3497a92f\" data-id=\"3497a92f\" data-element_type=\"column\" id=\"boxxx\" data-settings=\"{&quot;background_background&quot;:&quot;gradient&quot;}\">\n\t\t\t<div class=\"elementor-widget-wrap elementor-element-populated\">\n\t\t\t\t\t\t\t\t<div class=\"elementor-element elementor-element-6772d5f9 color-scheme-inherit text-left elementor-widget elementor-widget-text-editor\" data-id=\"6772d5f9\" data-element_type=\"widget\" data-widget_type=\"text-editor.default\">\n\t\t\t\t<div class=\"elementor-widget-container\">\n\t\t\t<style>\/*! elementor - v3.18.0 - 20-12-2023 *\/\n.elementor-widget-text-editor.elementor-drop-cap-view-stacked .elementor-drop-cap{background-color:#69727d;color:#fff}.elementor-widget-text-editor.elementor-drop-cap-view-framed .elementor-drop-cap{color:#69727d;border:3px solid;background-color:transparent}.elementor-widget-text-editor:not(.elementor-drop-cap-view-default) .elementor-drop-cap{margin-top:8px}.elementor-widget-text-editor:not(.elementor-drop-cap-view-default) .elementor-drop-cap-letter{width:1em;height:1em}.elementor-widget-text-editor .elementor-drop-cap{float:left;text-align:center;line-height:1;font-size:50px}.elementor-widget-text-editor .elementor-drop-cap-letter{display:inline-block}<\/style>\t\t\t\t<p>T\u00fcm sekt\u00f6rler i\u00e7in, istenilen boyutlarda ihtiyaca \u00f6zel seperat\u00f6rler<\/p>\n\t\t\t\t\t\t<\/div>\n\t\t\t\t<\/div>\n\t\t\t\t<div class=\"elementor-element elementor-element-148b568e elementor-widget elementor-widget-wd_button\" data-id=\"148b568e\" data-element_type=\"widget\" data-widget_type=\"wd_button.default\">\n\t\t\t\t<div class=\"elementor-widget-container\">\n\t\t\t\t\t<div class=\"wd-button-wrapper text-left\" >\n\t\t\t<a class=\"btn btn-style-default btn-style-rectangle btn-size-large btn-color-primary btn-icon-pos-right\"  href=\"https:\/\/uralmaksan.com\/tr\/teklif-formu\/\">\n\t\t\t\t<span class=\"wd-btn-text\" data-elementor-setting-key=\"text\">\n\t\t\t\t\tYARDIM AL\t\t\t\t<\/span>\n\n\t\t\t\t\t\t\t\t\t<span class=\"wd-btn-icon\">\n\t\t\t\t\t\t<span class=\"wd-icon fas fa-chevron-right\"><\/span>\t\t\t\t\t<\/span>\n\t\t\t\t\t\t\t<\/a>\n\t\t<\/div>\n\t\t\t\t<\/div>\n\t\t\t\t<\/div>\n\t\t\t\t\t<\/div>\n\t\t<\/div>\n\t\t\t\t<div class=\"elementor-column elementor-col-33 elementor-top-column elementor-element elementor-element-7e9d85e5\" data-id=\"7e9d85e5\" data-element_type=\"column\">\n\t\t\t<div class=\"elementor-widget-wrap elementor-element-populated\">\n\t\t\t\t\t\t\t\t<div class=\"elementor-element elementor-element-478c64e2 elementor-widget elementor-widget-wd_banner\" data-id=\"478c64e2\" data-element_type=\"widget\" data-widget_type=\"wd_banner.default\">\n\t\t\t\t<div class=\"elementor-widget-container\">\n\t\t\t\t\t<div class=\"promo-banner-wrapper\">\n\t\t\t<div class=\"promo-banner banner-default banner-hover-border color-scheme- banner-btn-size-default banner-btn-style-default cursor-pointer\" onclick=\"window.location.href='https:\/\/uralmaksan.com\/tr\/pp-seperatorler\/'\">\n\t\t\t\t<div class=\"main-wrapp-img\">\n\t\t\t\t\t<div class=\"banner-image wd-without-height\">\n\t\t\t\t\t\t\t\t\t\t\t\t\t<img fetchpriority=\"high\" decoding=\"async\" width=\"700\" height=\"700\" src=\"https:\/\/uralmaksan.com\/wp-content\/uploads\/2023\/01\/54.webp\" class=\"attachment-full size-full wp-image-11341\" alt=\"\" srcset=\"https:\/\/uralmaksan.com\/wp-content\/uploads\/2023\/01\/54.webp 700w, https:\/\/uralmaksan.com\/wp-content\/uploads\/2023\/01\/54-430x430.webp 430w, https:\/\/uralmaksan.com\/wp-content\/uploads\/2023\/01\/54-300x300.webp 300w, https:\/\/uralmaksan.com\/wp-content\/uploads\/2023\/01\/54-150x150.webp 150w\" sizes=\"(max-width: 700px) 100vw, 700px\" \/>\t\t\t\t\t\t\t\t\t\t\t<\/div>\n\t\t\t\t<\/div>\n\n\t\t\t\t<div class=\"wrapper-content-banner wd-fill wd-items-bottom wd-justify-left\">\n\t\t\t\t\t<div class=\"content-banner text-left\">\n\t\t\t\t\t\t<div class=\"banner-title-wrap\">\n\t\t\t\t\t\t\t\n\t\t\t\t\t\t\t\t\t\t\t\t\t\t\t<h4 class=\"banner-title wd-fontsize-l\" data-elementor-setting-key=\"title\">\n\t\t\t\t\t\t\t\t\tPP Separat\u00f6rler\t\t\t\t\t\t\t\t<\/h4>\n\t\t\t\t\t\t\t\t\t\t\t\t\t<\/div>\n\n\t\t\t\t\t\t\n\t\t\t\t\t\t\n\t\t\t\t\t\t\t\t\t\t\t<\/div>\n\t\t\t\t<\/div>\n\t\t\t<\/div>\n\t\t<\/div>\n\t\t\t\t<\/div>\n\t\t\t\t<\/div>\n\t\t\t\t\t<\/div>\n\t\t<\/div>\n\t\t\t\t<div class=\"elementor-column elementor-col-33 elementor-top-column elementor-element elementor-element-432f17b6\" data-id=\"432f17b6\" data-element_type=\"column\">\n\t\t\t<div class=\"elementor-widget-wrap elementor-element-populated\">\n\t\t\t\t\t\t\t\t<div class=\"elementor-element elementor-element-3edaa5bf elementor-widget elementor-widget-wd_banner\" data-id=\"3edaa5bf\" data-element_type=\"widget\" data-widget_type=\"wd_banner.default\">\n\t\t\t\t<div class=\"elementor-widget-container\">\n\t\t\t\t\t<div class=\"promo-banner-wrapper\">\n\t\t\t<div class=\"promo-banner banner-default banner-hover-border color-scheme- banner-btn-size-default banner-btn-style-default cursor-pointer\" onclick=\"window.location.href='https:\/\/uralmaksan.com\/tr\/eva-separatorler\/'\">\n\t\t\t\t<div class=\"main-wrapp-img\">\n\t\t\t\t\t<div class=\"banner-image wd-without-height\">\n\t\t\t\t\t\t\t\t\t\t\t\t\t<img decoding=\"async\" width=\"700\" height=\"700\" src=\"https:\/\/uralmaksan.com\/wp-content\/uploads\/2023\/01\/31.webp\" class=\"attachment-full size-full wp-image-11343\" alt=\"\" srcset=\"https:\/\/uralmaksan.com\/wp-content\/uploads\/2023\/01\/31.webp 700w, https:\/\/uralmaksan.com\/wp-content\/uploads\/2023\/01\/31-430x430.webp 430w, https:\/\/uralmaksan.com\/wp-content\/uploads\/2023\/01\/31-300x300.webp 300w, https:\/\/uralmaksan.com\/wp-content\/uploads\/2023\/01\/31-150x150.webp 150w\" sizes=\"(max-width: 700px) 100vw, 700px\" \/>\t\t\t\t\t\t\t\t\t\t\t<\/div>\n\t\t\t\t<\/div>\n\n\t\t\t\t<div class=\"wrapper-content-banner wd-fill wd-items-bottom wd-justify-left\">\n\t\t\t\t\t<div class=\"content-banner text-left\">\n\t\t\t\t\t\t<div class=\"banner-title-wrap\">\n\t\t\t\t\t\t\t\n\t\t\t\t\t\t\t\t\t\t\t\t\t\t\t<h4 class=\"banner-title wd-fontsize-l\" data-elementor-setting-key=\"title\">\n\t\t\t\t\t\t\t\t\tEVA Separat\u00f6rler\t\t\t\t\t\t\t\t<\/h4>\n\t\t\t\t\t\t\t\t\t\t\t\t\t<\/div>\n\n\t\t\t\t\t\t\n\t\t\t\t\t\t\n\t\t\t\t\t\t\t\t\t\t\t<\/div>\n\t\t\t\t<\/div>\n\t\t\t<\/div>\n\t\t<\/div>\n\t\t\t\t<\/div>\n\t\t\t\t<\/div>\n\t\t\t\t\t<\/div>\n\t\t<\/div>\n\t\t\t\t\t\t\t<\/div>\n\t\t<\/section>\n\t\t\t\t<section class=\"wd-negative-gap elementor-section elementor-top-section elementor-element elementor-element-7cb55871 elementor-section-boxed elementor-section-height-default elementor-section-height-default wd-section-disabled\" data-id=\"7cb55871\" data-element_type=\"section\">\n\t\t\t\t\t\t<div class=\"elementor-container elementor-column-gap-wider\">\n\t\t\t\t\t<div class=\"elementor-column elementor-col-50 elementor-top-column elementor-element elementor-element-62bd9bc5\" data-id=\"62bd9bc5\" data-element_type=\"column\">\n\t\t\t<div class=\"elementor-widget-wrap elementor-element-populated\">\n\t\t\t\t\t\t\t\t<div class=\"elementor-element elementor-element-3506a2ce elementor-widget elementor-widget-wd_banner\" data-id=\"3506a2ce\" data-element_type=\"widget\" data-widget_type=\"wd_banner.default\">\n\t\t\t\t<div class=\"elementor-widget-container\">\n\t\t\t\t\t<div class=\"promo-banner-wrapper\">\n\t\t\t<div class=\"promo-banner banner-default banner-hover-border color-scheme- banner-btn-size-default banner-btn-style-default cursor-pointer\" onclick=\"window.location.href='https:\/\/uralmaksan.com\/tr\/tekstil-seperatorler\/'\">\n\t\t\t\t<div class=\"main-wrapp-img\">\n\t\t\t\t\t<div class=\"banner-image wd-without-height\">\n\t\t\t\t\t\t\t\t\t\t\t\t\t<img decoding=\"async\" width=\"700\" height=\"700\" src=\"https:\/\/uralmaksan.com\/wp-content\/uploads\/2023\/01\/10.webp\" class=\"attachment-full size-full wp-image-11345\" alt=\"\" srcset=\"https:\/\/uralmaksan.com\/wp-content\/uploads\/2023\/01\/10.webp 700w, https:\/\/uralmaksan.com\/wp-content\/uploads\/2023\/01\/10-430x430.webp 430w, https:\/\/uralmaksan.com\/wp-content\/uploads\/2023\/01\/10-300x300.webp 300w, https:\/\/uralmaksan.com\/wp-content\/uploads\/2023\/01\/10-150x150.webp 150w\" sizes=\"(max-width: 700px) 100vw, 700px\" \/>\t\t\t\t\t\t\t\t\t\t\t<\/div>\n\t\t\t\t<\/div>\n\n\t\t\t\t<div class=\"wrapper-content-banner wd-fill wd-items-bottom wd-justify-left\">\n\t\t\t\t\t<div class=\"content-banner text-left\">\n\t\t\t\t\t\t<div class=\"banner-title-wrap\">\n\t\t\t\t\t\t\t\n\t\t\t\t\t\t\t\t\t\t\t\t\t\t\t<h4 class=\"banner-title wd-fontsize-l\" data-elementor-setting-key=\"title\">\n\t\t\t\t\t\t\t\t\tTekstil Separat\u00f6rler\t\t\t\t\t\t\t\t<\/h4>\n\t\t\t\t\t\t\t\t\t\t\t\t\t<\/div>\n\n\t\t\t\t\t\t\n\t\t\t\t\t\t\n\t\t\t\t\t\t\t\t\t\t\t<\/div>\n\t\t\t\t<\/div>\n\t\t\t<\/div>\n\t\t<\/div>\n\t\t\t\t<\/div>\n\t\t\t\t<\/div>\n\t\t\t\t\t<\/div>\n\t\t<\/div>\n\t\t\t\t<div class=\"elementor-column elementor-col-50 elementor-top-column elementor-element elementor-element-7745d90f\" data-id=\"7745d90f\" data-element_type=\"column\">\n\t\t\t<div class=\"elementor-widget-wrap elementor-element-populated\">\n\t\t\t\t\t\t\t\t<div class=\"elementor-element elementor-element-653e19d elementor-widget elementor-widget-wd_banner\" data-id=\"653e19d\" data-element_type=\"widget\" data-widget_type=\"wd_banner.default\">\n\t\t\t\t<div class=\"elementor-widget-container\">\n\t\t\t\t\t<div class=\"promo-banner-wrapper\">\n\t\t\t<div class=\"promo-banner banner-default banner-hover-border color-scheme- banner-btn-size-default banner-btn-style-default cursor-pointer\" onclick=\"window.location.href='https:\/\/uralmaksan.com\/tr\/kaplamali-seperatorler\/'\">\n\t\t\t\t<div class=\"main-wrapp-img\">\n\t\t\t\t\t<div class=\"banner-image wd-without-height\">\n\t\t\t\t\t\t\t\t\t\t\t\t\t<img loading=\"lazy\" decoding=\"async\" width=\"700\" height=\"700\" src=\"https:\/\/uralmaksan.com\/wp-content\/uploads\/2023\/01\/64.webp\" class=\"attachment-full size-full wp-image-11347\" alt=\"\" srcset=\"https:\/\/uralmaksan.com\/wp-content\/uploads\/2023\/01\/64.webp 700w, https:\/\/uralmaksan.com\/wp-content\/uploads\/2023\/01\/64-430x430.webp 430w, https:\/\/uralmaksan.com\/wp-content\/uploads\/2023\/01\/64-300x300.webp 300w, https:\/\/uralmaksan.com\/wp-content\/uploads\/2023\/01\/64-150x150.webp 150w\" sizes=\"(max-width: 700px) 100vw, 700px\" \/>\t\t\t\t\t\t\t\t\t\t\t<\/div>\n\t\t\t\t<\/div>\n\n\t\t\t\t<div class=\"wrapper-content-banner wd-fill wd-items-bottom wd-justify-left\">\n\t\t\t\t\t<div class=\"content-banner text-left\">\n\t\t\t\t\t\t<div class=\"banner-title-wrap\">\n\t\t\t\t\t\t\t\n\t\t\t\t\t\t\t\t\t\t\t\t\t\t\t<h4 class=\"banner-title wd-fontsize-l\" data-elementor-setting-key=\"title\">\n\t\t\t\t\t\t\t\t\tKaplamal\u0131 Separat\u00f6rler\t\t\t\t\t\t\t\t<\/h4>\n\t\t\t\t\t\t\t\t\t\t\t\t\t<\/div>\n\n\t\t\t\t\t\t\n\t\t\t\t\t\t\n\t\t\t\t\t\t\t\t\t\t\t<\/div>\n\t\t\t\t<\/div>\n\t\t\t<\/div>\n\t\t<\/div>\n\t\t\t\t<\/div>\n\t\t\t\t<\/div>\n\t\t\t\t\t<\/div>\n\t\t<\/div>\n\t\t\t\t\t\t\t<\/div>\n\t\t<\/section>\n\t\t\t\t\t\t\t<\/div>\n\t\t","protected":false},"excerpt":{"rendered":"<p>T\u00fcm sekt\u00f6rler i\u00e7in, istenilen boyutlarda ihtiyaca \u00f6zel seperat\u00f6rler YARDIM AL PP Separat\u00f6rler EVA Separat\u00f6rler Tekstil Separat\u00f6rler Kaplamal\u0131 Separat\u00f6rler<\/p>\n","protected":false},"author":1,"featured_media":0,"parent":0,"menu_order":0,"comment_status":"closed","ping_status":"closed","template":"","meta":{"footnotes":""},"class_list":["post-12166","page","type-page","status-publish","hentry"],"yoast_head":"<!-- This site is optimized with the Yoast SEO plugin v21.8 - https:\/\/yoast.com\/wordpress\/plugins\/seo\/ -->\n<title>Seperat\u00f6rler | End\u00fcstriyel Ta\u015f\u0131ma ve Paketleme | Uralmaksan<\/title>\n<meta name=\"description\" content=\"D\u00fcnyan\u0131n \u00f6nde gelen \u00fcreticilerine uzun y\u0131llard\u0131r Seperat\u00f6rler alan\u0131nda hizmet veriyor, \u00fcr\u00fcnlerimizi gururla ihra\u00e7 ediyoruz.\" \/>\n<meta name=\"robots\" content=\"index, follow, max-snippet:-1, max-image-preview:large, max-video-preview:-1\" \/>\n<link rel=\"canonical\" href=\"https:\/\/uralmaksan.com\/tr\/seperatorler\/\" \/>\n<meta property=\"og:locale\" content=\"tr_TR\" \/>\n<meta property=\"og:type\" content=\"article\" \/>\n<meta property=\"og:title\" content=\"Seperat\u00f6rler | End\u00fcstriyel Ta\u015f\u0131ma ve Paketleme | Uralmaksan\" \/>\n<meta property=\"og:description\" content=\"D\u00fcnyan\u0131n \u00f6nde gelen \u00fcreticilerine uzun y\u0131llard\u0131r Seperat\u00f6rler alan\u0131nda hizmet veriyor, \u00fcr\u00fcnlerimizi gururla ihra\u00e7 ediyoruz.\" \/>\n<meta property=\"og:url\" content=\"https:\/\/uralmaksan.com\/tr\/seperatorler\/\" \/>\n<meta property=\"og:site_name\" content=\"Uralmaksan\" \/>\n<meta property=\"article:modified_time\" content=\"2023-03-03T07:59:01+00:00\" \/>\n<meta property=\"og:image\" content=\"https:\/\/uralmaksan.com\/wp-content\/uploads\/2023\/01\/54.webp\" \/>\n<meta name=\"twitter:card\" content=\"summary_large_image\" \/>\n<meta name=\"twitter:label1\" content=\"Tahmini okuma s\u00fcresi\" \/>\n\t<meta name=\"twitter:data1\" content=\"1 dakika\" \/>\n<script type=\"application\/ld+json\" class=\"yoast-schema-graph\">{\"@context\":\"https:\/\/schema.org\",\"@graph\":[{\"@type\":\"WebPage\",\"@id\":\"https:\/\/uralmaksan.com\/tr\/seperatorler\/\",\"url\":\"https:\/\/uralmaksan.com\/tr\/seperatorler\/\",\"name\":\"Seperat\u00f6rler | End\u00fcstriyel Ta\u015f\u0131ma ve Paketleme | Uralmaksan\",\"isPartOf\":{\"@id\":\"https:\/\/uralmaksan.com\/#website\"},\"datePublished\":\"2023-01-19T14:53:10+00:00\",\"dateModified\":\"2023-03-03T07:59:01+00:00\",\"description\":\"D\u00fcnyan\u0131n \u00f6nde gelen \u00fcreticilerine uzun y\u0131llard\u0131r Seperat\u00f6rler alan\u0131nda hizmet veriyor, \u00fcr\u00fcnlerimizi gururla ihra\u00e7 ediyoruz.\",\"breadcrumb\":{\"@id\":\"https:\/\/uralmaksan.com\/tr\/seperatorler\/#breadcrumb\"},\"inLanguage\":\"tr\",\"potentialAction\":[{\"@type\":\"ReadAction\",\"target\":[\"https:\/\/uralmaksan.com\/tr\/seperatorler\/\"]}]},{\"@type\":\"BreadcrumbList\",\"@id\":\"https:\/\/uralmaksan.com\/tr\/seperatorler\/#breadcrumb\",\"itemListElement\":[{\"@type\":\"ListItem\",\"position\":1,\"name\":\"Home\",\"item\":\"https:\/\/uralmaksan.com\/\"},{\"@type\":\"ListItem\",\"position\":2,\"name\":\"Seperat\u00f6rler\"}]},{\"@type\":\"WebSite\",\"@id\":\"https:\/\/uralmaksan.com\/#website\",\"url\":\"https:\/\/uralmaksan.com\/\",\"name\":\"Uralmaksan\",\"description\":\"Uralmaksan\",\"publisher\":{\"@id\":\"https:\/\/uralmaksan.com\/#organization\"},\"potentialAction\":[{\"@type\":\"SearchAction\",\"target\":{\"@type\":\"EntryPoint\",\"urlTemplate\":\"https:\/\/uralmaksan.com\/?s={search_term_string}\"},\"query-input\":\"required name=search_term_string\"}],\"inLanguage\":\"tr\"},{\"@type\":\"Organization\",\"@id\":\"https:\/\/uralmaksan.com\/#organization\",\"name\":\"Uralmaksan\",\"url\":\"https:\/\/uralmaksan.com\/\",\"logo\":{\"@type\":\"ImageObject\",\"inLanguage\":\"tr\",\"@id\":\"https:\/\/uralmaksan.com\/#\/schema\/logo\/image\/\",\"url\":\"https:\/\/uralmaksan.com\/wp-content\/uploads\/2023\/01\/uralmaksan-logo.png\",\"contentUrl\":\"https:\/\/uralmaksan.com\/wp-content\/uploads\/2023\/01\/uralmaksan-logo.png\",\"width\":4384,\"height\":559,\"caption\":\"Uralmaksan\"},\"image\":{\"@id\":\"https:\/\/uralmaksan.com\/#\/schema\/logo\/image\/\"}}]}<\/script>\n<!-- \/ Yoast SEO plugin. -->","yoast_head_json":{"title":"Seperat\u00f6rler | End\u00fcstriyel Ta\u015f\u0131ma ve Paketleme | Uralmaksan","description":"D\u00fcnyan\u0131n \u00f6nde gelen \u00fcreticilerine uzun y\u0131llard\u0131r Seperat\u00f6rler alan\u0131nda hizmet veriyor, \u00fcr\u00fcnlerimizi gururla ihra\u00e7 ediyoruz.","robots":{"index":"index","follow":"follow","max-snippet":"max-snippet:-1","max-image-preview":"max-image-preview:large","max-video-preview":"max-video-preview:-1"},"canonical":"https:\/\/uralmaksan.com\/tr\/seperatorler\/","og_locale":"tr_TR","og_type":"article","og_title":"Seperat\u00f6rler | End\u00fcstriyel Ta\u015f\u0131ma ve Paketleme | Uralmaksan","og_description":"D\u00fcnyan\u0131n \u00f6nde gelen \u00fcreticilerine uzun y\u0131llard\u0131r Seperat\u00f6rler alan\u0131nda hizmet veriyor, \u00fcr\u00fcnlerimizi gururla ihra\u00e7 ediyoruz.","og_url":"https:\/\/uralmaksan.com\/tr\/seperatorler\/","og_site_name":"Uralmaksan","article_modified_time":"2023-03-03T07:59:01+00:00","og_image":[{"url":"https:\/\/uralmaksan.com\/wp-content\/uploads\/2023\/01\/54.webp"}],"twitter_card":"summary_large_image","twitter_misc":{"Tahmini okuma s\u00fcresi":"1 dakika"},"schema":{"@context":"https:\/\/schema.org","@graph":[{"@type":"WebPage","@id":"https:\/\/uralmaksan.com\/tr\/seperatorler\/","url":"https:\/\/uralmaksan.com\/tr\/seperatorler\/","name":"Seperat\u00f6rler | End\u00fcstriyel Ta\u015f\u0131ma ve Paketleme | Uralmaksan","isPartOf":{"@id":"https:\/\/uralmaksan.com\/#website"},"datePublished":"2023-01-19T14:53:10+00:00","dateModified":"2023-03-03T07:59:01+00:00","description":"D\u00fcnyan\u0131n \u00f6nde gelen \u00fcreticilerine uzun y\u0131llard\u0131r Seperat\u00f6rler alan\u0131nda hizmet veriyor, \u00fcr\u00fcnlerimizi gururla ihra\u00e7 ediyoruz.","breadcrumb":{"@id":"https:\/\/uralmaksan.com\/tr\/seperatorler\/#breadcrumb"},"inLanguage":"tr","potentialAction":[{"@type":"ReadAction","target":["https:\/\/uralmaksan.com\/tr\/seperatorler\/"]}]},{"@type":"BreadcrumbList","@id":"https:\/\/uralmaksan.com\/tr\/seperatorler\/#breadcrumb","itemListElement":[{"@type":"ListItem","position":1,"name":"Home","item":"https:\/\/uralmaksan.com\/"},{"@type":"ListItem","position":2,"name":"Seperat\u00f6rler"}]},{"@type":"WebSite","@id":"https:\/\/uralmaksan.com\/#website","url":"https:\/\/uralmaksan.com\/","name":"Uralmaksan","description":"Uralmaksan","publisher":{"@id":"https:\/\/uralmaksan.com\/#organization"},"potentialAction":[{"@type":"SearchAction","target":{"@type":"EntryPoint","urlTemplate":"https:\/\/uralmaksan.com\/?s={search_term_string}"},"query-input":"required name=search_term_string"}],"inLanguage":"tr"},{"@type":"Organization","@id":"https:\/\/uralmaksan.com\/#organization","name":"Uralmaksan","url":"https:\/\/uralmaksan.com\/","logo":{"@type":"ImageObject","inLanguage":"tr","@id":"https:\/\/uralmaksan.com\/#\/schema\/logo\/image\/","url":"https:\/\/uralmaksan.com\/wp-content\/uploads\/2023\/01\/uralmaksan-logo.png","contentUrl":"https:\/\/uralmaksan.com\/wp-content\/uploads\/2023\/01\/uralmaksan-logo.png","width":4384,"height":559,"caption":"Uralmaksan"},"image":{"@id":"https:\/\/uralmaksan.com\/#\/schema\/logo\/image\/"}}]}},"_links":{"self":[{"href":"https:\/\/uralmaksan.com\/tr\/wp-json\/wp\/v2\/pages\/12166","targetHints":{"allow":["GET"]}}],"collection":[{"href":"https:\/\/uralmaksan.com\/tr\/wp-json\/wp\/v2\/pages"}],"about":[{"href":"https:\/\/uralmaksan.com\/tr\/wp-json\/wp\/v2\/types\/page"}],"author":[{"embeddable":true,"href":"https:\/\/uralmaksan.com\/tr\/wp-json\/wp\/v2\/users\/1"}],"replies":[{"embeddable":true,"href":"https:\/\/uralmaksan.com\/tr\/wp-json\/wp\/v2\/comments?post=12166"}],"version-history":[{"count":6,"href":"https:\/\/uralmaksan.com\/tr\/wp-json\/wp\/v2\/pages\/12166\/revisions"}],"predecessor-version":[{"id":12507,"href":"https:\/\/uralmaksan.com\/tr\/wp-json\/wp\/v2\/pages\/12166\/revisions\/12507"}],"wp:attachment":[{"href":"https:\/\/uralmaksan.com\/tr\/wp-json\/wp\/v2\/media?parent=12166"}],"curies":[{"name":"wp","href":"https:\/\/api.w.org\/{rel}","templated":true}]}}